{"id":9,"date":"2022-04-28T18:01:25","date_gmt":"2022-04-28T18:01:25","guid":{"rendered":"https:\/\/impreza50.us-themes.com\/?page_id=9"},"modified":"2024-11-08T14:55:02","modified_gmt":"2024-11-08T14:55:02","slug":"home","status":"publish","type":"page","link":"https:\/\/makau.cl\/espaciog2\/","title":{"rendered":"Home"},"content":{"rendered":"<section class=\"l-section wpb_row us_custom_f7ccabd0 us_animate_this height_auto with_slider\"><div class=\"l-section-slider\"><div class=\"w-slider style_none fit_cover\"><div class=\"w-slider-h\"><div class=\"royalSlider\"><div class=\"rsContent\"><a class=\"rsImg\" data-rsw=\"1600\" data-rsh=\"900\" href=\"https:\/\/makau.cl\/espaciog2\/wp-content\/uploads\/2024\/10\/home.png\"><span data-alt=\"\"><\/span><\/a><\/div><div class=\"rsContent\"><a class=\"rsImg\" data-rsw=\"1480\" data-rsh=\"833\" href=\"https:\/\/makau.cl\/espaciog2\/wp-content\/uploads\/2024\/10\/futbolito.jpg\"><span data-alt=\"\"><\/span><\/a><\/div><div class=\"rsContent\"><a class=\"rsImg\" data-rsw=\"800\" data-rsh=\"600\" href=\"https:\/\/makau.cl\/espaciog2\/wp-content\/uploads\/2024\/11\/yoga.jpg\"><span data-alt=\"\"><\/span><\/a><\/div><\/div><img decoding=\"async\" src=\"https:\/\/makau.cl\/espaciog2\/wp-content\/uploads\/2024\/10\/home.png\" width=\"1600\" height=\"900\" alt loading=\"lazy\"><\/div><div class=\"w-slider-json\" onclick='return {&quot;autoScaleSlider&quot;:true,&quot;loop&quot;:true,&quot;fadeInLoadedSlide&quot;:false,&quot;slidesSpacing&quot;:0,&quot;imageScalePadding&quot;:0,&quot;numImagesToPreload&quot;:2,&quot;arrowsNav&quot;:false,&quot;arrowsNavAutoHide&quot;:false,&quot;transitionType&quot;:&quot;move&quot;,&quot;transitionSpeed&quot;:500,&quot;block&quot;:{&quot;moveEffect&quot;:&quot;none&quot;,&quot;speed&quot;:300},&quot;thumbs&quot;:{&quot;fitInViewport&quot;:false},&quot;controlNavigation&quot;:&quot;none&quot;,&quot;autoplay&quot;:{&quot;enabled&quot;:true,&quot;pauseOnHover&quot;:false,&quot;delay&quot;:2000},&quot;imageScaleMode&quot;:&quot;fill&quot;,&quot;autoScaleSliderWidth&quot;:1600,&quot;autoScaleSliderHeight&quot;:900}'><\/div><\/div><\/div><div class=\"l-section-h i-cf\"><div class=\"g-cols vc_row via_grid cols_1 laptops-cols_inherit tablets-cols_inherit mobiles-cols_1 valign_middle type_default stacking_default\"><div class=\"wpb_column vc_column_container us_custom_44386857\"><div class=\"vc_column-inner\"><h1 class=\"w-text us_custom_eb72f7c5 has_text_color\"><span class=\"w-text-h\"><span class=\"w-text-value\">\u00a1Mueve tu vida!<\/span><\/span><\/h1><h5 class=\"w-text us_custom_ec4f24ed has_text_color\"><span class=\"w-text-h\"><span class=\"w-text-value\">Es hora de poner tus capacidades deportivas al m\u00e1ximo<\/span><\/span><\/h5><div class=\"w-separator size_custom\" style=\"height:45px\"><\/div><div class=\"w-btn-wrapper align_none\"><a class=\"w-btn us-btn-style_4\" target=\"_blank\" href=\"https:\/\/reservas.espaciog2.cl\/\"><span class=\"w-btn-label\">Empezar ahora<\/span><\/a><\/div><\/div><\/div><\/div><\/div><\/section><section class=\"l-section wpb_row height_custom\"><div class=\"l-section-h i-cf\"><div class=\"g-cols vc_row via_grid cols_1 laptops-cols_inherit tablets-cols_inherit mobiles-cols_1 valign_top type_default stacking_default\"><div class=\"wpb_column vc_column_container\"><div class=\"vc_column-inner\"><div class=\"g-cols wpb_row us_custom_47474b22 us_animate_this via_grid cols_2 laptops-cols_inherit tablets-cols_inherit mobiles-cols_1 valign_top type_default stacking_default\" style=\"--gap:3rem;\"><div class=\"wpb_column vc_column_container\"><div class=\"vc_column-inner\"><h3 class=\"w-text us_custom_3f71cbb4\"><span class=\"w-text-h\"><span class=\"w-text-value\">\u00a1movimiento es vida!<\/span><\/span><\/h3><\/div><\/div><div class=\"wpb_column vc_column_container\"><div class=\"vc_column-inner\"><div class=\"wpb_text_column us_custom_c4a107f8\"><div class=\"wpb_wrapper\"><p style=\"text-align: justify;\">Bienvenidos a Espacio G2: el punto de encuentro entre el deporte, la naturaleza, la actividad f\u00edsica y el bienestar de toda la familia.<br \/>\nHoy contamos con 4 canchas de p\u00e1del y pronto tendremos futbolito, hockey, entrenamiento multifuncional, yoga y un centro infantil.<\/p>\n<\/div><\/div><\/div><\/div><\/div><div class=\"w-separator size_medium with_line width_default thick_1 style_solid color_primary align_center\"><div class=\"w-separator-h\"><\/div><\/div><div class=\"g-cols wpb_row via_grid cols_3 laptops-cols_inherit tablets-cols_inherit mobiles-cols_1 valign_top type_default stacking_default\" style=\"--gap:3rem;\"><div class=\"wpb_column vc_column_container us_custom_60e9caca us_animate_this\"><div class=\"vc_column-inner\"><div class=\"wpb_text_column\"><div class=\"wpb_wrapper\"><h5 style=\"text-align: center;\">espacio<\/h5>\n<p style=\"text-align: center;\">M\u00e1s de 17.000 m2 de extensi\u00f3n en pleno desarrollo, que comprenden canchas, senderos y espacios exclusivamente destinados al deporte, recreaci\u00f3n y bienestar de Curauma y sus alrededores.<\/p>\n<\/div><\/div><div class=\"w-separator size_medium\"><\/div><\/div><\/div><div class=\"wpb_column vc_column_container us_custom_4a593b65 us_animate_this\"><div class=\"vc_column-inner\"><div class=\"wpb_text_column\"><div class=\"wpb_wrapper\"><h5 style=\"text-align: center;\">canchas<\/h5>\n<p style=\"text-align: center;\">Cuatro canchas de P\u00e1del perfectamente acondicionadas para vivir tus partidos al m\u00e1ximo. Reserva tu visita a trav\u00e9s de nuestro c\u00f3modo y amigable sistema de horas.<\/p>\n<\/div><\/div><div class=\"w-separator size_medium\"><\/div><\/div><\/div><div class=\"wpb_column vc_column_container us_custom_60e9caca us_animate_this\"><div class=\"vc_column-inner\"><div class=\"wpb_text_column\"><div class=\"wpb_wrapper\"><h5 style=\"text-align: center;\">formaci\u00f3n deportiva<\/h5>\n<p style=\"text-align: center;\">Actividades extraprogram\u00e1ticas para ni\u00f1as y ni\u00f1os que ayudan al desarrollo psicosocial y deportivo, inspiradas en el trabajo en equipo, resiliencia, tolerancia a la frustraci\u00f3n, autoestima, respeto al medioambiente y vida sana.<\/p>\n<\/div><\/div><div class=\"w-separator size_medium\"><\/div><\/div><\/div><\/div><\/div><\/div><\/div><\/div><\/section>\n","protected":false},"excerpt":{"rendered":"\u00a1Mueve tu vida!Es hora de poner tus capacidades deportivas al m\u00e1ximoEmpezar ahora\u00a1movimiento es vida!Bienvenidos a Espacio G2: el punto de encuentro entre el deporte, la naturaleza, la actividad f\u00edsica y el bienestar de toda la familia. Hoy contamos con 4 canchas de p\u00e1del y pronto tendremos futbolito, hockey, entrenamiento multifuncional, yoga y un centro infantil....","protected":false},"author":1,"featured_media":0,"parent":0,"menu_order":0,"comment_status":"closed","ping_status":"closed","template":"","meta":{"footnotes":""},"class_list":["post-9","page","type-page","status-publish","hentry"],"_links":{"self":[{"href":"https:\/\/makau.cl\/espaciog2\/wp-json\/wp\/v2\/pages\/9","targetHints":{"allow":["GET"]}}],"collection":[{"href":"https:\/\/makau.cl\/espaciog2\/wp-json\/wp\/v2\/pages"}],"about":[{"href":"https:\/\/makau.cl\/espaciog2\/wp-json\/wp\/v2\/types\/page"}],"author":[{"embeddable":true,"href":"https:\/\/makau.cl\/espaciog2\/wp-json\/wp\/v2\/users\/1"}],"replies":[{"embeddable":true,"href":"https:\/\/makau.cl\/espaciog2\/wp-json\/wp\/v2\/comments?post=9"}],"version-history":[{"count":19,"href":"https:\/\/makau.cl\/espaciog2\/wp-json\/wp\/v2\/pages\/9\/revisions"}],"predecessor-version":[{"id":393,"href":"https:\/\/makau.cl\/espaciog2\/wp-json\/wp\/v2\/pages\/9\/revisions\/393"}],"wp:attachment":[{"href":"https:\/\/makau.cl\/espaciog2\/wp-json\/wp\/v2\/media?parent=9"}],"curies":[{"name":"wp","href":"https:\/\/api.w.org\/{rel}","templated":true}]}}