{"id":244,"date":"2024-10-15T03:17:38","date_gmt":"2024-10-15T03:17:38","guid":{"rendered":"https:\/\/makau.cl\/espaciog2\/?page_id=244"},"modified":"2024-11-21T15:11:09","modified_gmt":"2024-11-21T15:11:09","slug":"futbolito","status":"publish","type":"page","link":"https:\/\/makau.cl\/espaciog2\/futbolito\/","title":{"rendered":"Futbolito"},"content":{"rendered":"<section class=\"l-section wpb_row us_custom_7e20fa79 us_animate_this height_auto\"><div class=\"l-section-h i-cf\"><div class=\"g-cols vc_row via_grid cols_1 laptops-cols_inherit tablets-cols_inherit mobiles-cols_1 valign_middle type_default stacking_default\"><div class=\"wpb_column vc_column_container us_custom_75a5eaa1 has_bg_color\"><div class=\"vc_column-inner\"><h1 class=\"w-text us_custom_a297a480\"><span class=\"w-text-h\"><span class=\"w-text-value\">FUTBOLITO<\/span><\/span><\/h1><\/div><\/div><\/div><\/div><\/section><section class=\"l-section wpb_row height_custom\"><div class=\"l-section-h i-cf\"><div class=\"g-cols vc_row via_grid cols_1 laptops-cols_inherit tablets-cols_inherit mobiles-cols_1 valign_top type_default stacking_default\"><div class=\"wpb_column vc_column_container\"><div class=\"vc_column-inner\"><div class=\"wpb_text_column\"><div class=\"wpb_wrapper\"><p style=\"text-align: justify;\">Contamos con una cancha de 40 x 20 mts, ideal para jugar con 6 o 7 jugadores por lado.<\/p>\n<p style=\"text-align: justify;\">Con pasto sint\u00e9tico y caracter\u00edsticas del piso de excelente calidad, tanto para favorecer el buen juego como para minimizar las posibilidades de lesiones.<\/p>\n<p style=\"text-align: justify;\">El centro de la cancha tiene delimitada un \u00e1rea de 25 x 12 mts, especial para actividades de ni\u00f1os, para lo que adem\u00e1s tenemos arcos de medidas especiales.<\/p>\n<p style=\"text-align: justify;\">Disponible con luz natural y artificial.<\/p>\n<\/div><\/div><\/div><\/div><\/div><\/div><\/section>\n","protected":false},"excerpt":{"rendered":"FUTBOLITOContamos con una cancha de 40 x 20 mts, ideal para jugar con 6 o 7 jugadores por lado. Con pasto sint\u00e9tico y caracter\u00edsticas del piso de excelente calidad, tanto para favorecer el buen juego como para minimizar las posibilidades de lesiones. El centro de la cancha tiene delimitada un \u00e1rea de 25 x 12...","protected":false},"author":1,"featured_media":0,"parent":0,"menu_order":0,"comment_status":"closed","ping_status":"closed","template":"","meta":{"footnotes":""},"class_list":["post-244","page","type-page","status-publish","hentry"],"_links":{"self":[{"href":"https:\/\/makau.cl\/espaciog2\/wp-json\/wp\/v2\/pages\/244","targetHints":{"allow":["GET"]}}],"collection":[{"href":"https:\/\/makau.cl\/espaciog2\/wp-json\/wp\/v2\/pages"}],"about":[{"href":"https:\/\/makau.cl\/espaciog2\/wp-json\/wp\/v2\/types\/page"}],"author":[{"embeddable":true,"href":"https:\/\/makau.cl\/espaciog2\/wp-json\/wp\/v2\/users\/1"}],"replies":[{"embeddable":true,"href":"https:\/\/makau.cl\/espaciog2\/wp-json\/wp\/v2\/comments?post=244"}],"version-history":[{"count":6,"href":"https:\/\/makau.cl\/espaciog2\/wp-json\/wp\/v2\/pages\/244\/revisions"}],"predecessor-version":[{"id":410,"href":"https:\/\/makau.cl\/espaciog2\/wp-json\/wp\/v2\/pages\/244\/revisions\/410"}],"wp:attachment":[{"href":"https:\/\/makau.cl\/espaciog2\/wp-json\/wp\/v2\/media?parent=244"}],"curies":[{"name":"wp","href":"https:\/\/api.w.org\/{rel}","templated":true}]}}