{"id":24,"date":"2022-05-01T15:55:49","date_gmt":"2022-05-01T15:55:49","guid":{"rendered":"https:\/\/impreza50.us-themes.com\/?page_id=24"},"modified":"2024-11-11T15:26:43","modified_gmt":"2024-11-11T15:26:43","slug":"socios-alborada","status":"publish","type":"page","link":"https:\/\/makau.cl\/espaciog2\/socios-alborada\/","title":{"rendered":"Socios Alborada"},"content":{"rendered":"<section class=\"l-section wpb_row us_custom_7e20fa79 us_animate_this height_auto\"><div class=\"l-section-h i-cf\"><div class=\"g-cols vc_row via_grid cols_1 laptops-cols_inherit tablets-cols_inherit mobiles-cols_1 valign_middle type_default stacking_default\"><div class=\"wpb_column vc_column_container us_custom_ec3322d3 has_bg_color\"><div class=\"vc_column-overlay\" style=\"background:rgba(0,0,0,0.20)\"><\/div><div class=\"vc_column-inner\"><h1 class=\"w-text us_custom_a63d8be1 has_text_color\"><span class=\"w-text-h\"><span class=\"w-text-value\">SOCIOS ALBORADA<\/span><\/span><\/h1><\/div><\/div><\/div><\/div><\/section><section class=\"l-section wpb_row height_custom width_custom\" style=\"--site-content-width:1100px;\"><div class=\"l-section-h i-cf\"><div class=\"g-cols vc_row via_grid cols_1 laptops-cols_inherit tablets-cols_inherit mobiles-cols_1 valign_top type_default stacking_default\"><div class=\"wpb_column vc_column_container\"><div class=\"vc_column-inner\"><div class=\"wpb_text_column\"><div class=\"wpb_wrapper\"><h4 style=\"text-align: justify;\">\u00a1Bienvenidos a Espacio G2!<\/h4>\n<p style=\"text-align: justify;\">Querida comunidad del Colegio Alborada de Curauma, con mucho entusiasmo les damos la bienvenida al Club Deportivo G2.<br \/>\nNos alegra recibirlos y contar con su energ\u00eda, pasi\u00f3n y esp\u00edritu deportivo. Los invitamos a trabajar en equipo, fortalecer nuestros lazos y disfrutar de muchos momentos deportivos inolvidables.<br \/>\nAqu\u00ed encontrar\u00e1n un espacio para aprender, crecer y divertirse, donde cada uno de ustedes ser\u00e1 parte fundamental de nuestra familia deportiva.<\/p>\n<p style=\"text-align: justify;\">\u00a1Vamos juntos a entrenar, competir y disfrutar al m\u00e1ximo, bienvenidos a bordo!<\/p>\n<\/div><\/div><div class=\"w-separator size_medium\"><\/div><div class=\"wpb_text_column\"><div class=\"wpb_wrapper\"><h4 style=\"text-align: justify;\"><strong>Beneficios apoderados y alumnos Alborada -socios alborada-, A\u00f1o 2025. <\/strong><\/h4>\n<p style=\"text-align: justify;\"><span style=\"text-decoration: underline;\">Canchas de P\u00e1del<br \/>\n<\/span>20% dcto. en horario alto<br \/>\n40% dcto. en horario bajo<\/p>\n<p style=\"text-align: justify;\">*Horario alto es lunes a viernes de 18:30 a 23:00 horas, excepto feriados.<\/p>\n<p style=\"text-align: justify;\">Los horarios disponibles de beneficios pueden ser cambiados por la administraci\u00f3n G2, como as\u00ed tambi\u00e9n puede haber alteraciones en las programaciones producto de eventos, talleres, clases, feriados y otros. Todo informado en nuestra web y\/o nuestras redes sociales.<\/p>\n<p style=\"text-align: justify;\"><span style=\"text-decoration: underline;\">Talleres, Clases y Eventos<br \/>\n<\/span>Se ir\u00e1n comunicando por nuestra web.<\/p>\n<p style=\"text-align: justify;\"><span style=\"text-decoration: underline;\">Multicancha, Sendero con Bosque y Zona Caf\u00e9 G2<br \/>\n<\/span>En construcci\u00f3n.<\/p>\n<p style=\"text-align: justify;\">\u00a1Los esperamos!<br \/>\n<em>Gerencia G2, Movimiento es vida.<\/em><\/p>\n<\/div><\/div><\/div><\/div><\/div><\/div><\/section>\n","protected":false},"excerpt":{"rendered":"SOCIOS ALBORADA\u00a1Bienvenidos a Espacio G2! Querida comunidad del Colegio Alborada de Curauma, con mucho entusiasmo les damos la bienvenida al Club Deportivo G2. Nos alegra recibirlos y contar con su energ\u00eda, pasi\u00f3n y esp\u00edritu deportivo. Los invitamos a trabajar en equipo, fortalecer nuestros lazos y disfrutar de muchos momentos deportivos inolvidables. Aqu\u00ed encontrar\u00e1n un espacio...","protected":false},"author":1,"featured_media":0,"parent":0,"menu_order":0,"comment_status":"closed","ping_status":"closed","template":"","meta":{"footnotes":""},"class_list":["post-24","page","type-page","status-publish","hentry"],"_links":{"self":[{"href":"https:\/\/makau.cl\/espaciog2\/wp-json\/wp\/v2\/pages\/24","targetHints":{"allow":["GET"]}}],"collection":[{"href":"https:\/\/makau.cl\/espaciog2\/wp-json\/wp\/v2\/pages"}],"about":[{"href":"https:\/\/makau.cl\/espaciog2\/wp-json\/wp\/v2\/types\/page"}],"author":[{"embeddable":true,"href":"https:\/\/makau.cl\/espaciog2\/wp-json\/wp\/v2\/users\/1"}],"replies":[{"embeddable":true,"href":"https:\/\/makau.cl\/espaciog2\/wp-json\/wp\/v2\/comments?post=24"}],"version-history":[{"count":9,"href":"https:\/\/makau.cl\/espaciog2\/wp-json\/wp\/v2\/pages\/24\/revisions"}],"predecessor-version":[{"id":396,"href":"https:\/\/makau.cl\/espaciog2\/wp-json\/wp\/v2\/pages\/24\/revisions\/396"}],"wp:attachment":[{"href":"https:\/\/makau.cl\/espaciog2\/wp-json\/wp\/v2\/media?parent=24"}],"curies":[{"name":"wp","href":"https:\/\/api.w.org\/{rel}","templated":true}]}}