{"id":22,"date":"2022-05-01T15:55:31","date_gmt":"2022-05-01T15:55:31","guid":{"rendered":"https:\/\/impreza50.us-themes.com\/?page_id=22"},"modified":"2024-11-21T15:08:04","modified_gmt":"2024-11-21T15:08:04","slug":"padel","status":"publish","type":"page","link":"https:\/\/makau.cl\/espaciog2\/padel\/","title":{"rendered":"Padel"},"content":{"rendered":"<section class=\"l-section wpb_row us_custom_7e20fa79 us_animate_this height_auto\"><div class=\"l-section-h i-cf\"><div class=\"g-cols vc_row via_grid cols_1 laptops-cols_inherit tablets-cols_inherit mobiles-cols_1 valign_middle type_default stacking_default\"><div class=\"wpb_column vc_column_container us_custom_eb43ba62 has_bg_color\"><div class=\"vc_column-inner\"><h1 class=\"w-text us_custom_a297a480\"><span class=\"w-text-h\"><span class=\"w-text-value\">PADEL<\/span><\/span><\/h1><\/div><\/div><\/div><\/div><\/section><section class=\"l-section wpb_row height_custom\"><div class=\"l-section-h i-cf\"><div class=\"g-cols vc_row via_grid cols_1 laptops-cols_inherit tablets-cols_inherit mobiles-cols_1 valign_top type_default stacking_default\"><div class=\"wpb_column vc_column_container\"><div class=\"vc_column-inner\"><div class=\"wpb_text_column\"><div class=\"wpb_wrapper\"><p style=\"text-align: justify;\">Contamos con dos \u00e1reas destinada a este deporte.<\/p>\n<p style=\"text-align: justify;\">Una con cuatro excelentes canchas panor\u00e1micas situadas las cuatro en paralelo, una al lado de la otra, lo que favorece mucho la realizaci\u00f3n din\u00e1mica de eventos (americanos y otros),\u00a0 con espacio adecuado para la instalaci\u00f3n de stands y la concurrencia de p\u00fablico a los eventos.<\/p>\n<p style=\"text-align: justify;\">En otro sector tenemos un \u201c<em>Red Padel Court\u201d, <\/em>tanto para sumarse a las otras cuatro canchas en un evento, como para partidos de exhibici\u00f3n, o para jugar o entrenar de forma m\u00e1s privada cuando las otras canchas est\u00e1n ocupadas.<\/p>\n<\/div><\/div><\/div><\/div><\/div><\/div><\/section>\n","protected":false},"excerpt":{"rendered":"PADELContamos con dos \u00e1reas destinada a este deporte. Una con cuatro excelentes canchas panor\u00e1micas situadas las cuatro en paralelo, una al lado de la otra, lo que favorece mucho la realizaci\u00f3n din\u00e1mica de eventos (americanos y otros),\u00a0 con espacio adecuado para la instalaci\u00f3n de stands y la concurrencia de p\u00fablico a los eventos. En otro...","protected":false},"author":1,"featured_media":0,"parent":0,"menu_order":0,"comment_status":"closed","ping_status":"closed","template":"","meta":{"footnotes":""},"class_list":["post-22","page","type-page","status-publish","hentry"],"_links":{"self":[{"href":"https:\/\/makau.cl\/espaciog2\/wp-json\/wp\/v2\/pages\/22","targetHints":{"allow":["GET"]}}],"collection":[{"href":"https:\/\/makau.cl\/espaciog2\/wp-json\/wp\/v2\/pages"}],"about":[{"href":"https:\/\/makau.cl\/espaciog2\/wp-json\/wp\/v2\/types\/page"}],"author":[{"embeddable":true,"href":"https:\/\/makau.cl\/espaciog2\/wp-json\/wp\/v2\/users\/1"}],"replies":[{"embeddable":true,"href":"https:\/\/makau.cl\/espaciog2\/wp-json\/wp\/v2\/comments?post=22"}],"version-history":[{"count":10,"href":"https:\/\/makau.cl\/espaciog2\/wp-json\/wp\/v2\/pages\/22\/revisions"}],"predecessor-version":[{"id":398,"href":"https:\/\/makau.cl\/espaciog2\/wp-json\/wp\/v2\/pages\/22\/revisions\/398"}],"wp:attachment":[{"href":"https:\/\/makau.cl\/espaciog2\/wp-json\/wp\/v2\/media?parent=22"}],"curies":[{"name":"wp","href":"https:\/\/api.w.org\/{rel}","templated":true}]}}