{"id":746,"date":"2024-11-28T13:04:11","date_gmt":"2024-11-28T13:04:11","guid":{"rendered":"https:\/\/makau.cl\/causaastral2\/?post_type=product&#038;p=746"},"modified":"2024-12-02T15:01:23","modified_gmt":"2024-12-02T15:01:23","slug":"la-energia-de-los-signos","status":"publish","type":"product","link":"https:\/\/makau.cl\/causaastral2\/producto\/la-energia-de-los-signos\/","title":{"rendered":"La Energ\u00eda de los Signos"},"content":{"rendered":"<p class=\"ql-align-justify\">En este curso, aprender\u00e1s en detalle cu\u00e1l es la\u00a0<strong>energ\u00eda<\/strong>\u00a0que representa cada Signo del Zodiaco y para entender bien c\u00f3mo funciona esto y dar una\u00a0<strong>completa interpretaci\u00f3n de cada signo<\/strong>, explicaremos:<\/p>\n<ul>\n<li class=\"ql-align-justify\">Cu\u00e1les son los Signos y las principales caracter\u00edsticas de cada uno<\/li>\n<li class=\"ql-align-justify\">C\u00f3mo se clasifican los Signos de acuerdo a su Elemento<\/li>\n<li class=\"ql-align-justify\">Cu\u00e1les son las principales fortalezas y d\u00e9bilidades de cada Signo y c\u00f3mo trabajarlas<\/li>\n<li class=\"ql-align-justify\">Cu\u00e1l es la Polaridad u Opuesto Complementario de cada Signo y c\u00f3mo se potencian.<\/li>\n<\/ul>\n","protected":false},"excerpt":{"rendered":"<p>En este curso, aprender\u00e1s en detalle cu\u00e1l es la\u00a0energ\u00eda\u00a0que representa cada Signo del Zodiaco y para entender bien c\u00f3mo funciona esto y dar una\u00a0completa interpretaci\u00f3n de cada signo, explicaremos: Cu\u00e1les son los Signos y las principales caracter\u00edsticas de cada uno C\u00f3mo se clasifican los Signos de acuerdo a su Elemento Cu\u00e1les son las principales fortalezas&#8230;<\/p>\n","protected":false},"featured_media":751,"template":"","meta":[],"product_cat":[16],"product_tag":[],"class_list":{"0":"post-746","1":"product","2":"type-product","3":"status-publish","4":"has-post-thumbnail","6":"product_cat-sin-categorizar","8":"first","9":"instock","10":"virtual","11":"sold-individually","12":"purchasable","13":"product-type-simple"},"_links":{"self":[{"href":"https:\/\/makau.cl\/causaastral2\/wp-json\/wp\/v2\/product\/746","targetHints":{"allow":["GET"]}}],"collection":[{"href":"https:\/\/makau.cl\/causaastral2\/wp-json\/wp\/v2\/product"}],"about":[{"href":"https:\/\/makau.cl\/causaastral2\/wp-json\/wp\/v2\/types\/product"}],"wp:featuredmedia":[{"embeddable":true,"href":"https:\/\/makau.cl\/causaastral2\/wp-json\/wp\/v2\/media\/751"}],"wp:attachment":[{"href":"https:\/\/makau.cl\/causaastral2\/wp-json\/wp\/v2\/media?parent=746"}],"wp:term":[{"taxonomy":"product_cat","embeddable":true,"href":"https:\/\/makau.cl\/causaastral2\/wp-json\/wp\/v2\/product_cat?post=746"},{"taxonomy":"product_tag","embeddable":true,"href":"https:\/\/makau.cl\/causaastral2\/wp-json\/wp\/v2\/product_tag?post=746"}],"curies":[{"name":"wp","href":"https:\/\/api.w.org\/{rel}","templated":true}]}}