{"id":29,"date":"2022-05-16T12:46:35","date_gmt":"2022-05-16T12:46:35","guid":{"rendered":"https:\/\/impreza52.us-themes.com\/?page_id=29"},"modified":"2024-11-13T21:52:30","modified_gmt":"2024-11-13T21:52:30","slug":"home","status":"publish","type":"page","link":"https:\/\/makau.cl\/causaastral2\/","title":{"rendered":"Home"},"content":{"rendered":"<section class=\"l-section wpb_row us_custom_82be367a height_small width_custom color_footer-bottom\" style=\"--site-content-width:1100px;\"><div class=\"l-section-overlay\" style=\"background:linear-gradient(180deg,rgba(5,1,74,0.8950000762939453),rgba(37,184,115,0.6262500762939454))\"><\/div><div class=\"l-section-h i-cf\"><div class=\"g-cols vc_row via_grid cols_1 laptops-cols_inherit tablets-cols_1 mobiles-cols_1 valign_top type_default stacking_default\" style=\"--gap:30px;\"><div class=\"wpb_column vc_column_container hide_on_tablets hide_on_mobiles\"><div class=\"vc_column-inner\"><div class=\"w-separator size_large\"><\/div><div class=\"w-image align_center\"><div class=\"w-image-h\"><img decoding=\"async\" width=\"2851\" height=\"200\" src=\"https:\/\/makau.cl\/causaastral2\/wp-content\/uploads\/2022\/01\/signos-cabecera-14.png\" class=\"attachment-full size-full\" alt=\"\" loading=\"lazy\" srcset=\"https:\/\/makau.cl\/causaastral2\/wp-content\/uploads\/2022\/01\/signos-cabecera-14.png 2851w, https:\/\/makau.cl\/causaastral2\/wp-content\/uploads\/2022\/01\/signos-cabecera-14-300x21.png 300w, https:\/\/makau.cl\/causaastral2\/wp-content\/uploads\/2022\/01\/signos-cabecera-14-1024x72.png 1024w\" sizes=\"auto, (max-width: 2851px) 100vw, 2851px\" \/><\/div><\/div><div class=\"w-separator size_medium\"><\/div><div class=\"wpb_text_column\"><div class=\"wpb_wrapper\"><h3 class=\"elementor-heading-title elementor-size-default\" style=\"text-align: center;\"><span style=\"color: #face48;\">\u00a1HOLA, NOS ENCANTA QUE EST\u00c9S CON NOSOTROS!<\/span><\/h3>\n<\/div><\/div><div class=\"w-separator size_small\"><\/div><div class=\"wpb_text_column us_custom_f6441359 has_text_color\"><div class=\"wpb_wrapper\"><p style=\"text-align: center;\">Nuestra\u00a0<b>Causa<\/b>\u00a0es la difusi\u00f3n de la\u00a0<b>Astrolog\u00eda<\/b>, ya que estamos convencidos de que nos entrega herramientas maravillosas y muy poderosas para los distintos \u00e1mbitos de nuestras vidas.<\/p>\n<\/div><\/div><div class=\"w-separator size_huge\"><\/div><\/div><\/div><\/div><\/div><\/section><section class=\"l-section wpb_row height_large with_img\" id=\"about\"><div class=\"l-section-img\" role=\"img\" data-img-width=\"4002\" data-img-height=\"2252\" style=\"background-image: url(https:\/\/makau.cl\/causaastral2\/wp-content\/uploads\/2024\/08\/fondo_circulos_1.png);\"><\/div><div class=\"l-section-overlay\" style=\"background:rgba(1,10,33,0.75)\"><\/div><div class=\"l-section-h i-cf\"><div class=\"g-cols vc_row via_grid cols_2 laptops-cols_inherit tablets-cols_1 mobiles-cols_1 valign_top type_default stacking_default\" style=\"--gap:90px;\"><div class=\"wpb_column vc_column_container us_custom_d0de1d6f\"><div class=\"vc_column-inner\"><div class=\"w-separator size_medium\"><\/div><div class=\"wpb_text_column us_custom_80a192e9\"><div class=\"wpb_wrapper\"><h4>La Carta Astral<\/h4>\n<\/div><\/div><div class=\"wpb_text_column us_custom_80a192e9\"><div class=\"wpb_wrapper\"><p style=\"text-align: justify;\">La Carta Astral nos ayuda a entender qu\u00e9 hay detr\u00e1s de muchas de nuestras caracter\u00edsticas personales, las que nos gustan y las que no tanto.<\/p>\n<p style=\"text-align: justify;\"><strong>Al conocer y entender nuestra Carta Astral<\/strong> podemos trabajar en mejorar los aspectos que no nos gustan de nuestra personalidad y reforzar aquellos que s\u00ed nos gustan, para as\u00ed lograr nuestra mejor versi\u00f3n en esta vida.<\/p>\n<\/div><\/div><div class=\"w-separator size_small\"><\/div><div class=\"w-btn-wrapper align_none\"><a class=\"w-btn us-btn-style_1\" href=\"#\"><span class=\"w-btn-label\">VER CURSOS<\/span><\/a><\/div><\/div><\/div><div class=\"wpb_column vc_column_container\"><div class=\"vc_column-inner\"><div class=\"w-video us_custom_447bff20 align_none ratio_16x9 has_border_radius has_iframe\"><div class=\"w-video-h\"><iframe title=\"Vimeo video player\" src=\"https:\/\/player.vimeo.com\/video\/235215203?autoplay=0&loop=0&autopause=0&color=00adef&portrait=0&byline=1&title=1&controls=1&muted=0\" frameborder=\"0\" allow=\"autoplay; fullscreen\" allowfullscreen loading=\"lazy\"><\/iframe><\/div><div class=\"w-video-icon\" style=\"font-size:1.5rem;background:rgba(0,0,0,0.5);color:#fff\"><\/div><\/div><\/div><\/div><\/div><\/div><\/section><section class=\"l-section wpb_row height_medium width_custom with_img\" style=\"--site-content-width:1100px;\" id=\"projects\"><div class=\"l-section-img\" role=\"img\" data-img-width=\"4002\" data-img-height=\"2252\" style=\"background-image: url(https:\/\/makau.cl\/causaastral2\/wp-content\/uploads\/2024\/08\/fondo_circulos_2.png);\"><\/div><div class=\"l-section-overlay\" style=\"background:rgba(1,10,33,0.75)\"><\/div><div class=\"l-section-h i-cf\"><div class=\"g-cols vc_row via_grid cols_1 laptops-cols_inherit tablets-cols_inherit mobiles-cols_1 valign_top type_default stacking_default\"><div class=\"wpb_column vc_column_container\"><div class=\"vc_column-inner\"><div class=\"wpb_text_column\"><div class=\"wpb_wrapper\"><h4 class=\"elementor-heading-title elementor-size-default\" style=\"text-align: center;\"><span style=\"color: #fad348;\">Algunas de las aplicaciones pr\u00e1cticas de la Carta Astral en nuestra vida son:\u200b<\/span><\/h4>\n<\/div><\/div><div class=\"w-separator size_medium\"><\/div><div class=\"wpb_text_column us_custom_0aa3d7cd\"><div class=\"wpb_wrapper\"><p><span class=\"elementor-icon-list-text\"><span style=\"color: #aaccee;\">\u2736<\/span>\u00a0 Nos permite conocernos mejor y tambi\u00e9n a nuestra pareja, familia, amigos y compa\u00f1eros de trabajo, por lo tanto puede ser una gran ayuda para fortalecer y mejorar nuestras relaciones.<\/span><\/p>\n<p><span style=\"color: #aaccee;\">\u2736\u00a0 <\/span>Nos ayuda a conocer mejor a nuestros hijos, entendiendo que muchas de sus conductas tienen un fundamento en su Carta Astral, lo que nos permite guiar con m\u00e1s y mejores herramientas su desarrollo y, sobre todo, entenderlos mejor para as\u00ed apoyarlos mejor.<\/p>\n<p><span class=\"elementor-icon-list-text\"><span style=\"color: #aaccee;\">\u2736\u00a0 <\/span>Nos ayuda a entender mejor lo que hay detr\u00e1s de nuestras fortalezas, debilidades y mayores potencialidades, convirti\u00e9ndose en una herramienta tremendamente \u00fatil para nuestro desarrollo personal y profesional.<\/span><\/p>\n<\/div><\/div><\/div><\/div><\/div><\/div><\/section><section class=\"l-section wpb_row height_large width_custom\" style=\"--site-content-width:1100px;\"><div class=\"l-section-overlay\" style=\"background:linear-gradient(9deg,rgba(3,48,15,0.30135421752929686),#000000)\"><\/div><div class=\"l-section-h i-cf\"><div class=\"g-cols vc_row via_grid cols_1 laptops-cols_inherit tablets-cols_inherit mobiles-cols_1 valign_top type_default stacking_default\"><div class=\"wpb_column vc_column_container\"><div class=\"vc_column-inner\"><div class=\"wpb_text_column us_custom_226a229b\"><div class=\"wpb_wrapper\"><h4 class=\"elementor-heading-title elementor-size-default\" style=\"text-align: center;\"><span style=\"color: #acceee;\">Conocer y entender tu Carta Astral es un regalo de la vida, por eso queremos que todas las personas tengan acceso a esta gran gu\u00eda.<\/span><\/h4>\n<\/div><\/div><div class=\"w-separator size_small\"><\/div><div class=\"wpb_text_column us_custom_d44d8758 has_text_color\"><div class=\"wpb_wrapper\"><h4 style=\"text-align: center;\">Esa es nuestra CAUSA.<\/h4>\n<\/div><\/div><div class=\"w-separator size_medium\"><\/div><div class=\"w-btn-wrapper align_center\"><a class=\"w-btn us-btn-style_1\" href=\"#\"><span class=\"w-btn-label\">\u00a1QUIERO UNIRME!<\/span><\/a><\/div><\/div><\/div><\/div><\/div><\/section><!-- Row Backgrounds --><div class=\"upb_bg_img\" data-ultimate-bg=\"url(https:\/\/makau.cl\/causaastral2\/wp-content\/uploads\/2022\/01\/fondo-cielo.jpg)\" data-image-id=\"id^179|url^https:\/\/makau.cl\/causaastral2\/wp-content\/uploads\/2022\/01\/fondo-cielo.jpg|caption^null|alt^aurora boreal|title^fondo-cielo|description^null\" data-ultimate-bg-style=\"vcpb-vz-jquery\" data-bg-img-repeat=\"repeat\" data-bg-img-size=\"cover\" data-bg-img-position=\"\" data-parallx_sense=\"30\" data-bg-override=\"0\" data-bg_img_attach=\"scroll\" data-upb-overlay-color=\"\" data-upb-bg-animation=\"\" data-fadeout=\"\" data-bg-animation=\"left-animation\" data-bg-animation-type=\"h\" data-animation-repeat=\"repeat\" data-fadeout-percentage=\"30\" data-parallax-content=\"\" data-parallax-content-sense=\"30\" data-row-effect-mobile-disable=\"true\" data-img-parallax-mobile-disable=\"true\" data-rtl=\"false\"  data-custom-vc-row=\"\"  data-vc=\"7.6\"  data-is_old_vc=\"\"  data-theme-support=\"\"   data-overlay=\"false\" data-overlay-color=\"\" data-overlay-pattern=\"\" data-overlay-pattern-opacity=\"\" data-overlay-pattern-size=\"\"    ><\/div><section class=\"l-section wpb_row height_large width_custom with_img\" style=\"--site-content-width:1100px;\" id=\"process\"><div class=\"l-section-img\" role=\"img\" data-img-width=\"4001\" data-img-height=\"2251\" style=\"background-image: url(https:\/\/makau.cl\/causaastral2\/wp-content\/uploads\/2022\/01\/fondo-signos-23-1.png);background-repeat: no-repeat;\"><\/div><div class=\"l-section-overlay\" style=\"background:rgba(1,10,33,0.68)\"><\/div><div class=\"l-section-h i-cf\"><div class=\"g-cols vc_row via_grid cols_1 laptops-cols_inherit tablets-cols_1 mobiles-cols_1 valign_top type_default stacking_default\" style=\"--gap:30px;\"><div class=\"wpb_column vc_column_container type_sticky\"><div class=\"vc_column-inner\"><div class=\"w-separator size_small\"><\/div><div class=\"wpb_text_column us_custom_226a229b\"><div class=\"wpb_wrapper\"><div class=\"elementor-element elementor-element-e983959 elementor-widget elementor-widget-heading\" data-id=\"e983959\" data-element_type=\"widget\" data-widget_type=\"heading.default\">\n<div class=\"elementor-widget-container\">\n<h4 class=\"elementor-heading-title elementor-size-default\" style=\"text-align: center;\"><span style=\"color: #fad348;\">Te invitamos a conocer nuestro primer curso, en el que aprender\u00e1s:<\/span><\/h4>\n<\/div>\n<\/div>\n<\/div><\/div><div class=\"w-separator size_small\"><\/div><div class=\"wpb_text_column us_custom_226a229b\"><div class=\"wpb_wrapper\"><div class=\"elementor-element elementor-element-39cb609 elementor-icon-list--layout-traditional elementor-list-item-link-full_width elementor-widget elementor-widget-icon-list\" data-id=\"39cb609\" data-element_type=\"widget\" data-widget_type=\"icon-list.default\">\n<div class=\"elementor-widget-container\">\n<p><span class=\"elementor-icon-list-text\"><span style=\"color: #aaccee;\">\u2736<\/span>\u00a0 Qu\u00e9 es la Carta Astral<\/span><\/p>\n<div><span style=\"color: #aaccee;\">\u2736<\/span>\u00a0 Cu\u00e1les son los elementos que la componen<\/div>\n<p><span class=\"elementor-icon-list-text\"><span style=\"color: #aaccee;\">\u2736\u00a0<\/span> Explicaci\u00f3n pr\u00e1ctica y detallada de cada Signo<\/span><\/p>\n<p><span class=\"elementor-icon-list-text\"><span style=\"color: #aaccee;\">\u2736<\/span>\u00a0 Explicaci\u00f3n pr\u00e1ctica y detallada de cada Planeta<\/span><\/p>\n<p><span class=\"elementor-icon-list-text\"><span style=\"color: #aaccee;\">\u2736<\/span>\u00a0 C\u00f3mo interact\u00faan los Signos y los Planetas entre s\u00ed para poder interpretarlos<\/span><\/p>\n<\/div>\n<\/div>\n<\/div><\/div><div class=\"w-separator size_small\"><\/div><div class=\"w-btn-wrapper align_center\"><a class=\"w-btn us-btn-style_1\" href=\"#\"><span class=\"w-btn-label\">VER CURSO<\/span><\/a><\/div><\/div><\/div><\/div><\/div><\/section><section class=\"l-section wpb_row height_large with_img\"><div class=\"l-section-img\" role=\"img\" data-img-width=\"4001\" data-img-height=\"2251\" style=\"background-image: url(https:\/\/makau.cl\/causaastral2\/wp-content\/uploads\/2022\/01\/fondo-mistico-24.png);\"><\/div><div class=\"l-section-overlay\" style=\"background:rgba(2,51,45,0.56)\"><\/div><div class=\"l-section-h i-cf\"><div class=\"g-cols vc_row via_grid cols_1 laptops-cols_inherit tablets-cols_inherit mobiles-cols_1 valign_top type_default stacking_default\"><div class=\"wpb_column vc_column_container\"><div class=\"vc_column-inner\"><div class=\"g-cols wpb_row us_custom_d0de1d6f via_grid cols_2-1 laptops-cols_inherit tablets-cols_inherit mobiles-cols_1 valign_top type_default stacking_default\" style=\"--gap:3rem;\" id=\"somos\"><div class=\"wpb_column vc_column_container\"><div class=\"vc_column-inner\"><div class=\"wpb_text_column\"><div class=\"wpb_wrapper\"><div class=\"elementor-element elementor-element-6f7092a elementor-widget elementor-widget-heading\" data-id=\"6f7092a\" data-element_type=\"widget\" data-widget_type=\"heading.default\">\n<div class=\"elementor-widget-container\">\n<h4 class=\"elementor-heading-title elementor-size-default\" style=\"text-align: justify;\"><span style=\"color: #fad348;\">FRANCISCO SALAS HODGSON<\/span><\/h4>\n<\/div>\n<\/div>\n<\/div><\/div><div class=\"w-separator size_small\"><\/div><div class=\"wpb_text_column\"><div class=\"wpb_wrapper\"><div class=\"elementor-element elementor-element-6f7092a elementor-widget elementor-widget-heading\" data-id=\"6f7092a\" data-element_type=\"widget\" data-widget_type=\"heading.default\">\n<div class=\"elementor-widget-container\">\n<p class=\"elementor-heading-title elementor-size-default\" style=\"text-align: justify;\">Francisco Salas Hodgson naci\u00f3 en Santiago de Chile el a\u00f1o 1980, es abogado de la Universidad de Los Andes donde obtuvo el premio al mejor alumno de su generaci\u00f3n en Derecho Econ\u00f3mico y Tributario. Tiene un Magister en Derecho Regulatorio de la Universidad Cat\u00f3lica de Chile y un Magister en Comunicaci\u00f3n Estrat\u00e9gica de la Universidad Adolfo Ib\u00e1\u00f1ez. Ha desarrollado una exitosa carrera profesional como abogado y ejecutivo de empresas internacionales en el rubro de la sustentabilidad y la construcci\u00f3n de puentes entre empresas y la comunidad.<\/p>\n<\/div>\n<\/div>\n<div class=\"elementor-element elementor-element-a658ab3 elementor-widget elementor-widget-text-editor\" data-id=\"a658ab3\" data-element_type=\"widget\" data-widget_type=\"text-editor.default\">\n<div class=\"elementor-widget-container\">\n<p style=\"text-align: justify;\">Su pasi\u00f3n por la Astrolog\u00eda nace hace muchos a\u00f1os cuando conoci\u00f3 su propia Carta Astral, lo que da origen a un camino de profundo trabajo interior y autoconocimiento que, seg\u00fan confiesa, no terminar\u00e1 nunca.<\/p>\n<p style=\"text-align: justify;\">Primero estudi\u00f3 de forma autodidacta, compartiendo sus conocimientos entre familiares y amigos. Con el tiempo y a medida que fue comprobando una y otra vez las poderosas herramientas que nos entrega la astrolog\u00eda y especialmente la Carta Astral, fue tomando una serie de cursos y formaciones especializadas. Sus estudios y la pasi\u00f3n por difundir la astrolog\u00eda le han permitido acompa\u00f1ar a muchas personas en el camino de oportunidades, autoconocimiento y superaci\u00f3n que se abren cuando conocemos y entendemos nuestra Carta Astral.<\/p>\n<p style=\"text-align: justify;\">Entusiasta marido y padre de 3 hijos, tambi\u00e9n nos invita a conocer y entender la Carta Astral como herramienta de apoyo al desarrollo de los nuestros. Hoy su pasi\u00f3n es difundir el conocimiento de la Carta Astral entre la mayor cantidad de personas para que puedan acceder a las maravillosas herramientas de autoconocimiento y desarrollo personal que pone a nuestra disposici\u00f3n.<\/p>\n<\/div>\n<\/div>\n<\/div><\/div><\/div><\/div><div class=\"wpb_column vc_column_container\"><div class=\"vc_column-inner\"><div class=\"w-separator size_large\"><\/div><div class=\"w-image us_custom_447bff20 has_ratio align_center\"><div class=\"w-image-h\"><div style=\"padding-bottom:150%\"><\/div><img decoding=\"async\" width=\"600\" height=\"800\" src=\"https:\/\/makau.cl\/causaastral2\/wp-content\/uploads\/2024\/11\/ps1.jpg\" class=\"attachment-full size-full\" alt=\"\" loading=\"lazy\" srcset=\"https:\/\/makau.cl\/causaastral2\/wp-content\/uploads\/2024\/11\/ps1.jpg 600w, https:\/\/makau.cl\/causaastral2\/wp-content\/uploads\/2024\/11\/ps1-225x300.jpg 225w\" sizes=\"auto, (max-width: 600px) 100vw, 600px\" \/><\/div><\/div><\/div><\/div><\/div><\/div><\/div><\/div><\/div><\/section>\n","protected":false},"excerpt":{"rendered":"\u00a1HOLA, NOS ENCANTA QUE EST\u00c9S CON NOSOTROS! Nuestra\u00a0Causa\u00a0es la difusi\u00f3n de la\u00a0Astrolog\u00eda, ya que estamos convencidos de que nos entrega herramientas maravillosas y muy poderosas para los distintos \u00e1mbitos de nuestras vidas. La Carta Astral La Carta Astral nos ayuda a entender qu\u00e9 hay detr\u00e1s de muchas de nuestras caracter\u00edsticas personales, las que nos gustan...","protected":false},"author":1,"featured_media":0,"parent":0,"menu_order":0,"comment_status":"closed","ping_status":"closed","template":"","meta":{"footnotes":""},"class_list":["post-29","page","type-page","status-publish","hentry"],"_links":{"self":[{"href":"https:\/\/makau.cl\/causaastral2\/wp-json\/wp\/v2\/pages\/29","targetHints":{"allow":["GET"]}}],"collection":[{"href":"https:\/\/makau.cl\/causaastral2\/wp-json\/wp\/v2\/pages"}],"about":[{"href":"https:\/\/makau.cl\/causaastral2\/wp-json\/wp\/v2\/types\/page"}],"author":[{"embeddable":true,"href":"https:\/\/makau.cl\/causaastral2\/wp-json\/wp\/v2\/users\/1"}],"replies":[{"embeddable":true,"href":"https:\/\/makau.cl\/causaastral2\/wp-json\/wp\/v2\/comments?post=29"}],"version-history":[{"count":35,"href":"https:\/\/makau.cl\/causaastral2\/wp-json\/wp\/v2\/pages\/29\/revisions"}],"predecessor-version":[{"id":742,"href":"https:\/\/makau.cl\/causaastral2\/wp-json\/wp\/v2\/pages\/29\/revisions\/742"}],"wp:attachment":[{"href":"https:\/\/makau.cl\/causaastral2\/wp-json\/wp\/v2\/media?parent=29"}],"curies":[{"name":"wp","href":"https:\/\/api.w.org\/{rel}","templated":true}]}}