{"id":7,"date":"2023-06-28T21:43:23","date_gmt":"2023-06-29T00:43:23","guid":{"rendered":"https:\/\/makau.cl\/atelier\/?page_id=7"},"modified":"2023-08-16T18:54:01","modified_gmt":"2023-08-16T21:54:01","slug":"quienes-somos","status":"publish","type":"page","link":"https:\/\/makau.cl\/atelier\/quienes-somos\/","title":{"rendered":"QUI\u00c9NES SOMOS"},"content":{"rendered":"<section class=\"l-section wpb_row height_medium\"><div class=\"l-section-h i-cf\"><div class=\"g-cols vc_row via_grid cols_1 laptops-cols_inherit tablets-cols_inherit mobiles-cols_1 valign_top type_default stacking_default\"><div class=\"wpb_column vc_column_container\"><div class=\"vc_column-inner\"><div class=\"wpb_text_column\"><div class=\"wpb_wrapper\"><h4 style=\"text-align: center;\"><span style=\"color: #c72c5b;\">Qui\u00e9nes somos<\/span><\/h4>\n<\/div><\/div><div class=\"w-separator size_small\"><\/div><div class=\"g-cols wpb_row via_grid cols_2 laptops-cols_inherit tablets-cols_inherit mobiles-cols_1 valign_top type_default stacking_default\"><div class=\"wpb_column vc_column_container\"><div class=\"vc_column-inner\"><div class=\"w-image align_center\"><div class=\"w-image-h\"><img loading=\"lazy\" decoding=\"async\" width=\"566\" height=\"568\" src=\"https:\/\/makau.cl\/atelier\/wp-content\/uploads\/2023\/08\/qs-1.jpg\" class=\"attachment-full size-full\" alt=\"\" \/><\/div><\/div><\/div><\/div><div class=\"wpb_column vc_column_container\"><div class=\"vc_column-inner\"><div class=\"wpb_text_column\"><div class=\"wpb_wrapper\"><p style=\"text-align: center;\"><strong><em>Nuestra filosof\u00eda: <\/em><\/strong><\/p>\n<p style=\"text-align: center;\"><em>El ballet es una forma de arte que contribuye al desarrollo f\u00edsico, a la creatividad, la autoconfianza y la expresividad, habilidades fundamentales para todos los aspectos de la vida del ser humano, tanto en la etapa infantil como adulta.<\/em><\/p>\n<p style=\"text-align: center;\"><strong><em>Nuestra Misi\u00f3n:<\/em><\/strong><\/p>\n<p style=\"text-align: center;\"><em>Es proporcionar un ambiente seguro, de aprendizaje y entretenci\u00f3n, donde cada alumna pueda desarrollar sus habilidades f\u00edsicas y de expresividad mientras se divierte e interact\u00faa con otras estudiantes.<\/em><\/p>\n<p style=\"text-align: center;\"><strong><em>C\u00f3mo lo hacemos:<\/em><\/strong><\/p>\n<p style=\"text-align: center;\"><em>Ofrecemos un ambiente bello, c\u00f3modo y acogedor, donde prima la <\/em><em>atenci\u00f3n personalizada que favorece el desarrollo del potencial de nuestras estudiantes, as\u00ed como el despertar del amor por la danza.<\/em><\/p>\n<p style=\"text-align: center;\"><em>\u00a1Ven a aprender a Cata Trucco Atelier de Ballet y descubre el encanto del Ballet!<\/em><\/p>\n<\/div><\/div><\/div><\/div><\/div><div class=\"w-separator size_small with_line width_default thick_2 style_solid color_primary align_center\"><div class=\"w-separator-h\"><\/div><\/div><div class=\"g-cols wpb_row via_grid cols_2 laptops-cols_inherit tablets-cols_inherit mobiles-cols_1 valign_top type_default stacking_default\"><div class=\"wpb_column vc_column_container\"><div class=\"vc_column-inner\"><div class=\"w-image align_center\"><div class=\"w-image-h\"><img loading=\"lazy\" decoding=\"async\" width=\"900\" height=\"1215\" src=\"https:\/\/makau.cl\/atelier\/wp-content\/uploads\/2023\/08\/Cata-QS.jpg\" class=\"attachment-full size-full\" alt=\"\" srcset=\"https:\/\/makau.cl\/atelier\/wp-content\/uploads\/2023\/08\/Cata-QS.jpg 900w, https:\/\/makau.cl\/atelier\/wp-content\/uploads\/2023\/08\/Cata-QS-222x300.jpg 222w, https:\/\/makau.cl\/atelier\/wp-content\/uploads\/2023\/08\/Cata-QS-759x1024.jpg 759w\" sizes=\"auto, (max-width: 900px) 100vw, 900px\" \/><\/div><\/div><\/div><\/div><div class=\"wpb_column vc_column_container\"><div class=\"vc_column-inner\"><div class=\"wpb_text_column\"><div class=\"wpb_wrapper\"><p style=\"text-align: justify;\"><strong>Cata Trucco<\/strong> Directora y Creadora de Atelier de Ballet.<\/p>\n<p style=\"text-align: justify;\">Ingeniera comercial de profesi\u00f3n, practic\u00f3 ballet cl\u00e1sico durante toda su vida, participando en diversos festivales nacionales de danza.\u00a0 Trabaj\u00f3 en energ\u00edas renovables y luego emprendi\u00f3 junto a su marido creando el precioso CasaSur Charming Hotel, un encantador Hotel Boutique en Barrio Italia que logr\u00f3 ser n\u00ba1 del ranking de hoteles en Santiago en TripAdvisor.\u00a0 La pandemia del COVID impidi\u00f3 que este proyecto avanzara, por lo que Cata se reinvent\u00f3.<\/p>\n<p style=\"text-align: justify;\">Sigui\u00f3 el llamado de su coraz\u00f3n y decidi\u00f3 concretar su sue\u00f1o de crear una Academia de Ballet apropiada a los nuevos tiempos. Se form\u00f3 en diversas metodolog\u00edas, creando la suya propia para las estudiantes m\u00e1s peque\u00f1as. As\u00ed nace la Metodolog\u00eda de Aprendizaje a trav\u00e9s del Juego, donde las estudiantes aprenden ballet jugando.<\/p>\n<p style=\"text-align: justify;\">Para sus estudiantes adultas, Cata se form\u00f3 con la Metodolog\u00eda de Danza Cl\u00e1sica No Under 40, l\u00edder en Italia y Espa\u00f1a, transform\u00e1ndose en la 1<sup>era<\/sup> maestra en impartir esta Metodolog\u00eda en Latinoam\u00e9rica. As\u00ed, ofrece a mujeres de m\u00e1s de 40 a\u00f1os (50, 60\u2026 y m\u00e1s) un espacio apropiado para ellas, donde se fomenta el autocuidado, la belleza y la cultura.<\/p>\n<p style=\"text-align: justify;\">Su inter\u00e9s por seguir aprendiendo sigue vigente, por lo que se encuentra en constante formaci\u00f3n. Algunas de las certificaciones obtenidas contemplan Progressing Ballet Technique, Estudio Metodolog\u00eda Vaganova, Perfeccionamiento para docentes de la Danza, Workshops impartidos por bailarinas destacadas, Yoga infantil, entre otras.<\/p>\n<p style=\"text-align: justify;\"><a href=\"https:\/\/makau.cl\/atelier\/wp-content\/uploads\/2023\/08\/cv-catalina-1.pdf\" target=\"_blank\" rel=\"noopener\">Ver certificaciones<\/a><\/p>\n<\/div><\/div><\/div><\/div><\/div><div class=\"w-separator size_small with_line width_default thick_2 style_solid color_primary align_center\"><div class=\"w-separator-h\"><\/div><\/div><div class=\"g-cols wpb_row via_grid cols_2 laptops-cols_inherit tablets-cols_inherit mobiles-cols_1 valign_top type_default stacking_default\"><div class=\"wpb_column vc_column_container\"><div class=\"vc_column-inner\"><div class=\"w-image align_center\"><div class=\"w-image-h\"><img loading=\"lazy\" decoding=\"async\" width=\"900\" height=\"1215\" src=\"https:\/\/makau.cl\/atelier\/wp-content\/uploads\/2023\/08\/damaris-final.jpg\" class=\"attachment-full size-full\" alt=\"\" srcset=\"https:\/\/makau.cl\/atelier\/wp-content\/uploads\/2023\/08\/damaris-final.jpg 900w, https:\/\/makau.cl\/atelier\/wp-content\/uploads\/2023\/08\/damaris-final-222x300.jpg 222w, https:\/\/makau.cl\/atelier\/wp-content\/uploads\/2023\/08\/damaris-final-759x1024.jpg 759w\" sizes=\"auto, (max-width: 900px) 100vw, 900px\" \/><\/div><\/div><\/div><\/div><div class=\"wpb_column vc_column_container\"><div class=\"vc_column-inner\"><div class=\"wpb_text_column\"><div class=\"wpb_wrapper\"><p style=\"text-align: justify;\"><strong>Damaris Gonz\u00e1lez, <\/strong>Bailarina estable de la Compa\u00f1\u00eda del Ballet Municipal de la Pintana, donde desde 2018 imparte clases de danza cl\u00e1sica a ni\u00f1as y ni\u00f1os desde los 4 hasta los 18 a\u00f1os.<\/p>\n<p style=\"text-align: justify;\">Se form\u00f3 en el Instituto de Artes Esc\u00e9nicas de Karen Connolly, titul\u00e1ndose como Int\u00e9rprete en danza con menci\u00f3n en jazz contempor\u00e1neo y tap.<\/p>\n<p style=\"text-align: justify;\">Ha participado en m\u00faltiples festivales de danza nacionales e internacionales, siendo el m\u00e1s relevante el \u00abNew York Winter Festival\u00bb, organizado por Ajkun Ballet de New York.\u00a0 En \u00e9l, se destac\u00f3 con la presentaci\u00f3n de una coreograf\u00eda de autor\u00eda propia, y tuvo la oportunidad de participar en diversos workshops con importantes maestros de la danza cl\u00e1sica internacional.<\/p>\n<p style=\"text-align: justify;\">Se ha capacitado en diversas instancias de Formaci\u00f3n Multidisciplinaria en danza, as\u00ed como de Formaci\u00f3n Docente.<\/p>\n<p style=\"text-align: justify;\"><a href=\"https:\/\/makau.cl\/atelier\/wp-content\/uploads\/2023\/08\/cv-damaris.pdf\" target=\"_blank\" rel=\"noopener\">Ver certificaciones<\/a><\/p>\n<\/div><\/div><\/div><\/div><\/div><\/div><\/div><\/div><\/div><\/section>\n","protected":false},"excerpt":{"rendered":"Qui\u00e9nes somos Nuestra filosof\u00eda: El ballet es una forma de arte que contribuye al desarrollo f\u00edsico, a la creatividad, la autoconfianza y la expresividad, habilidades fundamentales para todos los aspectos de la vida del ser humano, tanto en la etapa infantil como adulta. Nuestra Misi\u00f3n: Es proporcionar un ambiente seguro, de aprendizaje y entretenci\u00f3n, donde...","protected":false},"author":1,"featured_media":0,"parent":0,"menu_order":0,"comment_status":"closed","ping_status":"closed","template":"","meta":{"footnotes":""},"class_list":["post-7","page","type-page","status-publish","hentry"],"_links":{"self":[{"href":"https:\/\/makau.cl\/atelier\/wp-json\/wp\/v2\/pages\/7","targetHints":{"allow":["GET"]}}],"collection":[{"href":"https:\/\/makau.cl\/atelier\/wp-json\/wp\/v2\/pages"}],"about":[{"href":"https:\/\/makau.cl\/atelier\/wp-json\/wp\/v2\/types\/page"}],"author":[{"embeddable":true,"href":"https:\/\/makau.cl\/atelier\/wp-json\/wp\/v2\/users\/1"}],"replies":[{"embeddable":true,"href":"https:\/\/makau.cl\/atelier\/wp-json\/wp\/v2\/comments?post=7"}],"version-history":[{"count":17,"href":"https:\/\/makau.cl\/atelier\/wp-json\/wp\/v2\/pages\/7\/revisions"}],"predecessor-version":[{"id":329,"href":"https:\/\/makau.cl\/atelier\/wp-json\/wp\/v2\/pages\/7\/revisions\/329"}],"wp:attachment":[{"href":"https:\/\/makau.cl\/atelier\/wp-json\/wp\/v2\/media?parent=7"}],"curies":[{"name":"wp","href":"https:\/\/api.w.org\/{rel}","templated":true}]}}