{"id":6,"date":"2023-06-28T21:43:01","date_gmt":"2023-06-28T21:43:01","guid":{"rendered":"https:\/\/makau.cl\/atelier\/?page_id=6"},"modified":"2023-08-08T14:37:39","modified_gmt":"2023-08-08T17:37:39","slug":"inicio","status":"publish","type":"page","link":"https:\/\/makau.cl\/atelier\/","title":{"rendered":"Inicio"},"content":{"rendered":"<section class=\"l-section wpb_row height_small\"><div class=\"l-section-h i-cf\"><div class=\"g-cols vc_row via_grid cols_1 laptops-cols_inherit tablets-cols_inherit mobiles-cols_1 valign_top type_default stacking_default\"><div class=\"wpb_column vc_column_container\"><div class=\"vc_column-inner\"><div class=\"wpb_text_column\"><div class=\"wpb_wrapper\"><h4 style=\"text-align: center;\"><span style=\"color: #cf3c69;\">\u00a1Ven a descubrir el encanto del ballet cl\u00e1sico!<\/span><\/h4>\n<\/div><\/div><\/div><\/div><\/div><\/div><\/section><section class=\"l-section wpb_row hide_on_tablets hide_on_mobiles height_auto width_full\"><div class=\"l-section-h i-cf\"><div class=\"g-cols vc_row via_grid cols_1 laptops-cols_inherit tablets-cols_inherit mobiles-cols_1 valign_top type_default stacking_default\"><div class=\"wpb_column vc_column_container\"><div class=\"vc_column-inner\"><div class=\"w-image align_none\"><div class=\"w-image-h\"><img loading=\"lazy\" decoding=\"async\" width=\"1808\" height=\"1080\" src=\"https:\/\/makau.cl\/atelier\/wp-content\/uploads\/2023\/08\/home-desk.jpg\" class=\"attachment-full size-full\" alt=\"\" srcset=\"https:\/\/makau.cl\/atelier\/wp-content\/uploads\/2023\/08\/home-desk.jpg 1808w, https:\/\/makau.cl\/atelier\/wp-content\/uploads\/2023\/08\/home-desk-300x179.jpg 300w, https:\/\/makau.cl\/atelier\/wp-content\/uploads\/2023\/08\/home-desk-1024x612.jpg 1024w\" sizes=\"auto, (max-width: 1808px) 100vw, 1808px\" \/><\/div><\/div><div class=\"w-separator size_small with_line width_default thick_1 style_solid color_primary align_center\"><div class=\"w-separator-h\"><\/div><\/div><\/div><\/div><\/div><\/div><\/section><section class=\"l-section wpb_row hide_on_default hide_on_laptops height_auto width_full\"><div class=\"l-section-h i-cf\"><div class=\"g-cols vc_row via_grid cols_1 laptops-cols_inherit tablets-cols_inherit mobiles-cols_1 valign_top type_default stacking_default\"><div class=\"wpb_column vc_column_container\"><div class=\"vc_column-inner\"><div class=\"w-image align_none\"><div class=\"w-image-h\"><img loading=\"lazy\" decoding=\"async\" width=\"1000\" height=\"1000\" src=\"https:\/\/makau.cl\/atelier\/wp-content\/uploads\/2023\/08\/home-mobile.jpg\" class=\"attachment-full size-full\" alt=\"\" srcset=\"https:\/\/makau.cl\/atelier\/wp-content\/uploads\/2023\/08\/home-mobile.jpg 1000w, https:\/\/makau.cl\/atelier\/wp-content\/uploads\/2023\/08\/home-mobile-300x300.jpg 300w, https:\/\/makau.cl\/atelier\/wp-content\/uploads\/2023\/08\/home-mobile-150x150.jpg 150w\" sizes=\"auto, (max-width: 1000px) 100vw, 1000px\" \/><\/div><\/div><\/div><\/div><\/div><\/div><\/section><section class=\"l-section wpb_row us_custom_d2199d32 height_auto width_full\"><div class=\"l-section-h i-cf\"><div class=\"g-cols vc_row via_grid cols_1 laptops-cols_inherit tablets-cols_inherit mobiles-cols_1 valign_top type_default stacking_default\"><div class=\"wpb_column vc_column_container\"><div class=\"vc_column-inner\"><div class=\"g-cols wpb_row us_custom_0d15be52 via_grid cols_4 laptops-cols_inherit tablets-cols_inherit mobiles-cols_1 valign_middle type_default stacking_default\" style=\"grid-gap:0rem;\"><div class=\"wpb_column vc_column_container sinMargen\"><div class=\"vc_column-inner\"><div class=\"w-image align_center\"><div class=\"w-image-h\"><img loading=\"lazy\" decoding=\"async\" width=\"1000\" height=\"1333\" src=\"https:\/\/makau.cl\/atelier\/wp-content\/uploads\/2023\/08\/home-nin\u0303as.jpg\" class=\"attachment-full size-full\" alt=\"\" srcset=\"https:\/\/makau.cl\/atelier\/wp-content\/uploads\/2023\/08\/home-nin\u0303as.jpg 1000w, https:\/\/makau.cl\/atelier\/wp-content\/uploads\/2023\/08\/home-nin\u0303as-225x300.jpg 225w, https:\/\/makau.cl\/atelier\/wp-content\/uploads\/2023\/08\/home-nin\u0303as-768x1024.jpg 768w\" sizes=\"auto, (max-width: 1000px) 100vw, 1000px\" \/><\/div><\/div><\/div><\/div><div class=\"wpb_column vc_column_container us_custom_38bb2da8\"><div class=\"vc_column-inner\"><div class=\"wpb_text_column\"><div class=\"wpb_wrapper\"><h6 style=\"text-align: center;\">Ballet Infantil Metodolog\u00eda de Ense\u00f1anza a trav\u00e9s del Juego<\/h6>\n<\/div><\/div><div class=\"w-separator size_small\"><\/div><div class=\"w-btn-wrapper align_center\"><a class=\"w-btn us-btn-style_2\" href=\"https:\/\/makau.cl\/atelier\/niveles-y-horarios\/\"><span class=\"w-btn-label\">Ver niveles<\/span><\/a><\/div><\/div><\/div><div class=\"wpb_column vc_column_container\"><div class=\"vc_column-inner\"><div class=\"w-image sinMargen align_center\"><div class=\"w-image-h\"><img loading=\"lazy\" decoding=\"async\" width=\"1000\" height=\"1333\" src=\"https:\/\/makau.cl\/atelier\/wp-content\/uploads\/2023\/08\/home-adultas.jpg\" class=\"attachment-full size-full\" alt=\"\" srcset=\"https:\/\/makau.cl\/atelier\/wp-content\/uploads\/2023\/08\/home-adultas.jpg 1000w, https:\/\/makau.cl\/atelier\/wp-content\/uploads\/2023\/08\/home-adultas-225x300.jpg 225w, https:\/\/makau.cl\/atelier\/wp-content\/uploads\/2023\/08\/home-adultas-768x1024.jpg 768w\" sizes=\"auto, (max-width: 1000px) 100vw, 1000px\" \/><\/div><\/div><\/div><\/div><div class=\"wpb_column vc_column_container us_custom_38bb2da8\"><div class=\"vc_column-inner\"><div class=\"wpb_text_column\"><div class=\"wpb_wrapper\"><h6 style=\"text-align: center;\">Ballet Adultas sin conocimiento, Metodolog\u00eda Danza Cl\u00e1sica No Under 40<\/h6>\n<\/div><\/div><div class=\"w-separator size_small\"><\/div><div class=\"w-btn-wrapper align_center\"><a class=\"w-btn us-btn-style_2\" href=\"https:\/\/makau.cl\/atelier\/inscribete\/\"><span class=\"w-btn-label\">Inscr\u00edbete!<\/span><\/a><\/div><\/div><\/div><\/div><div class=\"w-separator size_small\"><\/div><\/div><\/div><\/div><\/div><\/section><section class=\"l-section wpb_row height_small\"><div class=\"l-section-h i-cf\"><div class=\"g-cols vc_row via_grid cols_1 laptops-cols_inherit tablets-cols_inherit mobiles-cols_1 valign_top type_default stacking_default\"><div class=\"wpb_column vc_column_container\"><div class=\"vc_column-inner\">[vc_raw_html]JTVCaW5zdGFncmFtLWZlZWQlMjBmZWVkJTNEMSU1RA==[\/vc_raw_html]<\/div><\/div><\/div><\/div><\/section>\n","protected":false},"excerpt":{"rendered":"\u00a1Ven a descubrir el encanto del ballet cl\u00e1sico! Ballet Infantil Metodolog\u00eda de Ense\u00f1anza a trav\u00e9s del Juego Ver nivelesBallet Adultas sin conocimiento, Metodolog\u00eda Danza Cl\u00e1sica No Under 40 Inscr\u00edbete![vc_raw_html]JTVCaW5zdGFncmFtLWZlZWQlMjBmZWVkJTNEMSU1RA==[\/vc_raw_html]","protected":false},"author":1,"featured_media":0,"parent":0,"menu_order":0,"comment_status":"closed","ping_status":"closed","template":"","meta":{"footnotes":""},"class_list":["post-6","page","type-page","status-publish","hentry"],"_links":{"self":[{"href":"https:\/\/makau.cl\/atelier\/wp-json\/wp\/v2\/pages\/6","targetHints":{"allow":["GET"]}}],"collection":[{"href":"https:\/\/makau.cl\/atelier\/wp-json\/wp\/v2\/pages"}],"about":[{"href":"https:\/\/makau.cl\/atelier\/wp-json\/wp\/v2\/types\/page"}],"author":[{"embeddable":true,"href":"https:\/\/makau.cl\/atelier\/wp-json\/wp\/v2\/users\/1"}],"replies":[{"embeddable":true,"href":"https:\/\/makau.cl\/atelier\/wp-json\/wp\/v2\/comments?post=6"}],"version-history":[{"count":78,"href":"https:\/\/makau.cl\/atelier\/wp-json\/wp\/v2\/pages\/6\/revisions"}],"predecessor-version":[{"id":319,"href":"https:\/\/makau.cl\/atelier\/wp-json\/wp\/v2\/pages\/6\/revisions\/319"}],"wp:attachment":[{"href":"https:\/\/makau.cl\/atelier\/wp-json\/wp\/v2\/media?parent=6"}],"curies":[{"name":"wp","href":"https:\/\/api.w.org\/{rel}","templated":true}]}}