{"id":113,"date":"2023-07-24T14:56:03","date_gmt":"2023-07-24T17:56:03","guid":{"rendered":"https:\/\/makau.cl\/atelier\/?page_id=113"},"modified":"2023-08-09T13:22:51","modified_gmt":"2023-08-09T16:22:51","slug":"funcion-2022","status":"publish","type":"page","link":"https:\/\/makau.cl\/atelier\/funcion-2022\/","title":{"rendered":"Funci\u00f3n 2022"},"content":{"rendered":"<section class=\"l-section wpb_row height_medium\"><div class=\"l-section-h i-cf\"><div class=\"g-cols vc_row via_grid cols_1 laptops-cols_inherit tablets-cols_inherit mobiles-cols_1 valign_top type_default stacking_default\"><div class=\"wpb_column vc_column_container\"><div class=\"vc_column-inner\"><div class=\"wpb_text_column\"><div class=\"wpb_wrapper\"><h4 style=\"text-align: center;\"><span style=\"color: #c72c5b;\">Funci\u00f3n 2022<\/span><\/h4>\n<\/div><\/div><div class=\"w-separator size_small\"><\/div><div class=\"wpb_text_column\"><div class=\"wpb_wrapper\"><p style=\"text-align: center;\"><span lang=\"ES\">Cada fin de a\u00f1o realizamos una linda Presentaci\u00f3n donde participan las alumnas de todos nuestros niveles.\u00a0 Esta demostraci\u00f3n refleja la disciplina, perseverancia y entusiasmo que han tenido las estudiantes durante el a\u00f1o, resultando una m\u00e1gica instancia para <\/span>que las familias puedan admirar y disfrutar los avances de sus bailarinas.<\/p>\n<\/div><\/div><div class=\"w-separator size_small\"><\/div><div class=\"w-video align_none ratio_16x9\"><div class=\"w-video-h\"><iframe title=\"Youtube video player\" src=\"\/\/www.youtube.com\/embed\/gLnVhB2yb0Y?origin=https:\/\/makau.cl\/atelier&controls=0\" allowfullscreen=\"1\" loading=\"lazy\"><\/iframe><\/div><div class=\"w-video-icon\" style=\"font-size:1.5rem;background:rgba(0,0,0,0.5);color:#fff\"><\/div><\/div><div class=\"w-separator size_small\"><\/div><div class=\"w-grid type_masonry layout_gallery_default cols_3 with_isotope\" id=\"us_grid_1\" data-filterable=\"true\"><style>#us_grid_1 .w-grid-item{padding:0.5rem}#us_grid_1 .w-grid-list{margin:-0.5rem}.w-grid + #us_grid_1 .w-grid-list,.w-grid-none + #us_grid_1 .w-grid-list{margin-top:0.5rem}@media (max-width:1024px){#us_grid_1 .w-grid-item{width:50%}}@media (max-width:600px){#us_grid_1 .w-grid-list{margin:0}#us_grid_1 .w-grid-item{width:100%;padding:0;margin-bottom:0.5rem}}.layout_gallery_default .w-grid-item-h{}<\/style><div class=\"w-grid-list\">\t<article class=\"w-grid-item post-133 attachment type-attachment status-inherit hentry\" data-id=\"133\">\r\n\t\t<div class=\"w-grid-item-h\">\r\n\t\t\t\t\t\t\t<a class=\"w-grid-item-anchor\" href=\"https:\/\/makau.cl\/atelier\/wp-content\/uploads\/2023\/07\/Presentacio\u0301n-Ballet-105.jpg\" ref=\"magnificPopupGrid\" title=\"Presentacio\u0301n Ballet (105)\"><\/a>\r\n\t\t\t\t\t\t<div class=\"w-post-elm post_image usg_post_image_1 stretched\"><img loading=\"lazy\" decoding=\"async\" width=\"1000\" height=\"667\" src=\"https:\/\/makau.cl\/atelier\/wp-content\/uploads\/2023\/07\/Presentacio\u0301n-Ballet-105.jpg\" class=\"attachment-large size-large\" alt=\"\" srcset=\"https:\/\/makau.cl\/atelier\/wp-content\/uploads\/2023\/07\/Presentacio\u0301n-Ballet-105.jpg 1000w, https:\/\/makau.cl\/atelier\/wp-content\/uploads\/2023\/07\/Presentacio\u0301n-Ballet-105-300x200.jpg 300w\" sizes=\"auto, (max-width: 1000px) 100vw, 1000px\" \/><\/div>\t\t<\/div>\r\n\t<\/article>\r\n\t<article class=\"w-grid-item post-134 attachment type-attachment status-inherit hentry\" data-id=\"134\">\r\n\t\t<div class=\"w-grid-item-h\">\r\n\t\t\t\t\t\t\t<a class=\"w-grid-item-anchor\" href=\"https:\/\/makau.cl\/atelier\/wp-content\/uploads\/2023\/07\/Presentacio\u0301n-Ballet-119.jpg\" ref=\"magnificPopupGrid\" title=\"Presentacio\u0301n Ballet (119)\"><\/a>\r\n\t\t\t\t\t\t<div class=\"w-post-elm post_image usg_post_image_1 stretched\"><img loading=\"lazy\" decoding=\"async\" width=\"1000\" height=\"667\" src=\"https:\/\/makau.cl\/atelier\/wp-content\/uploads\/2023\/07\/Presentacio\u0301n-Ballet-119.jpg\" class=\"attachment-large size-large\" alt=\"\" srcset=\"https:\/\/makau.cl\/atelier\/wp-content\/uploads\/2023\/07\/Presentacio\u0301n-Ballet-119.jpg 1000w, https:\/\/makau.cl\/atelier\/wp-content\/uploads\/2023\/07\/Presentacio\u0301n-Ballet-119-300x200.jpg 300w\" sizes=\"auto, (max-width: 1000px) 100vw, 1000px\" \/><\/div>\t\t<\/div>\r\n\t<\/article>\r\n\t<article class=\"w-grid-item post-135 attachment type-attachment status-inherit hentry\" data-id=\"135\">\r\n\t\t<div class=\"w-grid-item-h\">\r\n\t\t\t\t\t\t\t<a class=\"w-grid-item-anchor\" href=\"https:\/\/makau.cl\/atelier\/wp-content\/uploads\/2023\/07\/Presentacio\u0301n-Ballet-137.jpg\" ref=\"magnificPopupGrid\" title=\"Presentacio\u0301n Ballet (137)\"><\/a>\r\n\t\t\t\t\t\t<div class=\"w-post-elm post_image usg_post_image_1 stretched\"><img loading=\"lazy\" decoding=\"async\" width=\"1000\" height=\"667\" src=\"https:\/\/makau.cl\/atelier\/wp-content\/uploads\/2023\/07\/Presentacio\u0301n-Ballet-137.jpg\" class=\"attachment-large size-large\" alt=\"\" srcset=\"https:\/\/makau.cl\/atelier\/wp-content\/uploads\/2023\/07\/Presentacio\u0301n-Ballet-137.jpg 1000w, https:\/\/makau.cl\/atelier\/wp-content\/uploads\/2023\/07\/Presentacio\u0301n-Ballet-137-300x200.jpg 300w\" sizes=\"auto, (max-width: 1000px) 100vw, 1000px\" \/><\/div>\t\t<\/div>\r\n\t<\/article>\r\n\t<article class=\"w-grid-item post-136 attachment type-attachment status-inherit hentry\" data-id=\"136\">\r\n\t\t<div class=\"w-grid-item-h\">\r\n\t\t\t\t\t\t\t<a class=\"w-grid-item-anchor\" href=\"https:\/\/makau.cl\/atelier\/wp-content\/uploads\/2023\/07\/Presentacio\u0301n-Ballet-145.jpg\" ref=\"magnificPopupGrid\" title=\"Presentacio\u0301n Ballet (145)\"><\/a>\r\n\t\t\t\t\t\t<div class=\"w-post-elm post_image usg_post_image_1 stretched\"><img loading=\"lazy\" decoding=\"async\" width=\"1000\" height=\"667\" src=\"https:\/\/makau.cl\/atelier\/wp-content\/uploads\/2023\/07\/Presentacio\u0301n-Ballet-145.jpg\" class=\"attachment-large size-large\" alt=\"\" srcset=\"https:\/\/makau.cl\/atelier\/wp-content\/uploads\/2023\/07\/Presentacio\u0301n-Ballet-145.jpg 1000w, https:\/\/makau.cl\/atelier\/wp-content\/uploads\/2023\/07\/Presentacio\u0301n-Ballet-145-300x200.jpg 300w\" sizes=\"auto, (max-width: 1000px) 100vw, 1000px\" \/><\/div>\t\t<\/div>\r\n\t<\/article>\r\n\t<article class=\"w-grid-item post-137 attachment type-attachment status-inherit hentry\" data-id=\"137\">\r\n\t\t<div class=\"w-grid-item-h\">\r\n\t\t\t\t\t\t\t<a class=\"w-grid-item-anchor\" href=\"https:\/\/makau.cl\/atelier\/wp-content\/uploads\/2023\/07\/Presentacio\u0301n-Ballet-148.jpg\" ref=\"magnificPopupGrid\" title=\"Presentacio\u0301n Ballet (148)\"><\/a>\r\n\t\t\t\t\t\t<div class=\"w-post-elm post_image usg_post_image_1 stretched\"><img loading=\"lazy\" decoding=\"async\" width=\"1000\" height=\"667\" src=\"https:\/\/makau.cl\/atelier\/wp-content\/uploads\/2023\/07\/Presentacio\u0301n-Ballet-148.jpg\" class=\"attachment-large size-large\" alt=\"\" srcset=\"https:\/\/makau.cl\/atelier\/wp-content\/uploads\/2023\/07\/Presentacio\u0301n-Ballet-148.jpg 1000w, https:\/\/makau.cl\/atelier\/wp-content\/uploads\/2023\/07\/Presentacio\u0301n-Ballet-148-300x200.jpg 300w\" sizes=\"auto, (max-width: 1000px) 100vw, 1000px\" \/><\/div>\t\t<\/div>\r\n\t<\/article>\r\n\t<article class=\"w-grid-item post-138 attachment type-attachment status-inherit hentry\" data-id=\"138\">\r\n\t\t<div class=\"w-grid-item-h\">\r\n\t\t\t\t\t\t\t<a class=\"w-grid-item-anchor\" href=\"https:\/\/makau.cl\/atelier\/wp-content\/uploads\/2023\/07\/Presentacio\u0301n-Ballet-154.jpg\" ref=\"magnificPopupGrid\" title=\"Presentacio\u0301n Ballet (154)\"><\/a>\r\n\t\t\t\t\t\t<div class=\"w-post-elm post_image usg_post_image_1 stretched\"><img loading=\"lazy\" decoding=\"async\" width=\"1000\" height=\"667\" src=\"https:\/\/makau.cl\/atelier\/wp-content\/uploads\/2023\/07\/Presentacio\u0301n-Ballet-154.jpg\" class=\"attachment-large size-large\" alt=\"\" srcset=\"https:\/\/makau.cl\/atelier\/wp-content\/uploads\/2023\/07\/Presentacio\u0301n-Ballet-154.jpg 1000w, https:\/\/makau.cl\/atelier\/wp-content\/uploads\/2023\/07\/Presentacio\u0301n-Ballet-154-300x200.jpg 300w\" sizes=\"auto, (max-width: 1000px) 100vw, 1000px\" \/><\/div>\t\t<\/div>\r\n\t<\/article>\r\n\t<article class=\"w-grid-item post-139 attachment type-attachment status-inherit hentry\" data-id=\"139\">\r\n\t\t<div class=\"w-grid-item-h\">\r\n\t\t\t\t\t\t\t<a class=\"w-grid-item-anchor\" href=\"https:\/\/makau.cl\/atelier\/wp-content\/uploads\/2023\/07\/Presentacio\u0301n-Ballet-156.jpg\" ref=\"magnificPopupGrid\" title=\"Presentacio\u0301n Ballet (156)\"><\/a>\r\n\t\t\t\t\t\t<div class=\"w-post-elm post_image usg_post_image_1 stretched\"><img loading=\"lazy\" decoding=\"async\" width=\"1000\" height=\"667\" src=\"https:\/\/makau.cl\/atelier\/wp-content\/uploads\/2023\/07\/Presentacio\u0301n-Ballet-156.jpg\" class=\"attachment-large size-large\" alt=\"\" srcset=\"https:\/\/makau.cl\/atelier\/wp-content\/uploads\/2023\/07\/Presentacio\u0301n-Ballet-156.jpg 1000w, https:\/\/makau.cl\/atelier\/wp-content\/uploads\/2023\/07\/Presentacio\u0301n-Ballet-156-300x200.jpg 300w\" sizes=\"auto, (max-width: 1000px) 100vw, 1000px\" \/><\/div>\t\t<\/div>\r\n\t<\/article>\r\n\t<article class=\"w-grid-item post-140 attachment type-attachment status-inherit hentry\" data-id=\"140\">\r\n\t\t<div class=\"w-grid-item-h\">\r\n\t\t\t\t\t\t\t<a class=\"w-grid-item-anchor\" href=\"https:\/\/makau.cl\/atelier\/wp-content\/uploads\/2023\/07\/Presentacio\u0301n-Ballet-175.jpg\" ref=\"magnificPopupGrid\" title=\"Presentacio\u0301n Ballet (175)\"><\/a>\r\n\t\t\t\t\t\t<div class=\"w-post-elm post_image usg_post_image_1 stretched\"><img loading=\"lazy\" decoding=\"async\" width=\"1000\" height=\"667\" src=\"https:\/\/makau.cl\/atelier\/wp-content\/uploads\/2023\/07\/Presentacio\u0301n-Ballet-175.jpg\" class=\"attachment-large size-large\" alt=\"\" srcset=\"https:\/\/makau.cl\/atelier\/wp-content\/uploads\/2023\/07\/Presentacio\u0301n-Ballet-175.jpg 1000w, https:\/\/makau.cl\/atelier\/wp-content\/uploads\/2023\/07\/Presentacio\u0301n-Ballet-175-300x200.jpg 300w\" sizes=\"auto, (max-width: 1000px) 100vw, 1000px\" \/><\/div>\t\t<\/div>\r\n\t<\/article>\r\n\t<article class=\"w-grid-item post-141 attachment type-attachment status-inherit hentry\" data-id=\"141\">\r\n\t\t<div class=\"w-grid-item-h\">\r\n\t\t\t\t\t\t\t<a class=\"w-grid-item-anchor\" href=\"https:\/\/makau.cl\/atelier\/wp-content\/uploads\/2023\/07\/Presentacio\u0301n-Ballet-205.jpg\" ref=\"magnificPopupGrid\" title=\"Presentacio\u0301n Ballet (205)\"><\/a>\r\n\t\t\t\t\t\t<div class=\"w-post-elm post_image usg_post_image_1 stretched\"><img loading=\"lazy\" decoding=\"async\" width=\"1000\" height=\"667\" src=\"https:\/\/makau.cl\/atelier\/wp-content\/uploads\/2023\/07\/Presentacio\u0301n-Ballet-205.jpg\" class=\"attachment-large size-large\" alt=\"\" srcset=\"https:\/\/makau.cl\/atelier\/wp-content\/uploads\/2023\/07\/Presentacio\u0301n-Ballet-205.jpg 1000w, https:\/\/makau.cl\/atelier\/wp-content\/uploads\/2023\/07\/Presentacio\u0301n-Ballet-205-300x200.jpg 300w\" sizes=\"auto, (max-width: 1000px) 100vw, 1000px\" \/><\/div>\t\t<\/div>\r\n\t<\/article>\r\n\t<article class=\"w-grid-item post-142 attachment type-attachment status-inherit hentry\" data-id=\"142\">\r\n\t\t<div class=\"w-grid-item-h\">\r\n\t\t\t\t\t\t\t<a class=\"w-grid-item-anchor\" href=\"https:\/\/makau.cl\/atelier\/wp-content\/uploads\/2023\/07\/Presentacio\u0301n-Ballet-224.jpg\" ref=\"magnificPopupGrid\" title=\"Presentacio\u0301n Ballet (224)\"><\/a>\r\n\t\t\t\t\t\t<div class=\"w-post-elm post_image usg_post_image_1 stretched\"><img loading=\"lazy\" decoding=\"async\" width=\"1000\" height=\"667\" src=\"https:\/\/makau.cl\/atelier\/wp-content\/uploads\/2023\/07\/Presentacio\u0301n-Ballet-224.jpg\" class=\"attachment-large size-large\" alt=\"\" srcset=\"https:\/\/makau.cl\/atelier\/wp-content\/uploads\/2023\/07\/Presentacio\u0301n-Ballet-224.jpg 1000w, https:\/\/makau.cl\/atelier\/wp-content\/uploads\/2023\/07\/Presentacio\u0301n-Ballet-224-300x200.jpg 300w\" sizes=\"auto, (max-width: 1000px) 100vw, 1000px\" \/><\/div>\t\t<\/div>\r\n\t<\/article>\r\n\t<article class=\"w-grid-item post-143 attachment type-attachment status-inherit hentry\" data-id=\"143\">\r\n\t\t<div class=\"w-grid-item-h\">\r\n\t\t\t\t\t\t\t<a class=\"w-grid-item-anchor\" href=\"https:\/\/makau.cl\/atelier\/wp-content\/uploads\/2023\/07\/Presentacio\u0301n-Ballet-238.jpg\" ref=\"magnificPopupGrid\" title=\"Presentacio\u0301n Ballet (238)\"><\/a>\r\n\t\t\t\t\t\t<div class=\"w-post-elm post_image usg_post_image_1 stretched\"><img loading=\"lazy\" decoding=\"async\" width=\"1000\" height=\"667\" src=\"https:\/\/makau.cl\/atelier\/wp-content\/uploads\/2023\/07\/Presentacio\u0301n-Ballet-238.jpg\" class=\"attachment-large size-large\" alt=\"\" srcset=\"https:\/\/makau.cl\/atelier\/wp-content\/uploads\/2023\/07\/Presentacio\u0301n-Ballet-238.jpg 1000w, https:\/\/makau.cl\/atelier\/wp-content\/uploads\/2023\/07\/Presentacio\u0301n-Ballet-238-300x200.jpg 300w\" sizes=\"auto, (max-width: 1000px) 100vw, 1000px\" \/><\/div>\t\t<\/div>\r\n\t<\/article>\r\n\t<article class=\"w-grid-item post-144 attachment type-attachment status-inherit hentry\" data-id=\"144\">\r\n\t\t<div class=\"w-grid-item-h\">\r\n\t\t\t\t\t\t\t<a class=\"w-grid-item-anchor\" href=\"https:\/\/makau.cl\/atelier\/wp-content\/uploads\/2023\/07\/Presentacio\u0301n-Ballet-302.jpg\" ref=\"magnificPopupGrid\" title=\"Presentacio\u0301n Ballet (302)\"><\/a>\r\n\t\t\t\t\t\t<div class=\"w-post-elm post_image usg_post_image_1 stretched\"><img loading=\"lazy\" decoding=\"async\" width=\"1000\" height=\"807\" src=\"https:\/\/makau.cl\/atelier\/wp-content\/uploads\/2023\/07\/Presentacio\u0301n-Ballet-302.jpg\" class=\"attachment-large size-large\" alt=\"\" srcset=\"https:\/\/makau.cl\/atelier\/wp-content\/uploads\/2023\/07\/Presentacio\u0301n-Ballet-302.jpg 1000w, https:\/\/makau.cl\/atelier\/wp-content\/uploads\/2023\/07\/Presentacio\u0301n-Ballet-302-300x242.jpg 300w\" sizes=\"auto, (max-width: 1000px) 100vw, 1000px\" \/><\/div>\t\t<\/div>\r\n\t<\/article>\r\n<\/div><div class=\"w-grid-preloader\"><div class=\"g-preloader type_1\">\r\n\t<div><\/div>\r\n<\/div>\r\n<\/div>\t<div class=\"w-grid-json hidden\" onclick='return {&quot;action&quot;:&quot;us_ajax_grid&quot;,&quot;ajax_url&quot;:&quot;https:\\\/\\\/makau.cl\\\/atelier\\\/wp-admin\\\/admin-ajax.php&quot;,&quot;infinite_scroll&quot;:0,&quot;max_num_pages&quot;:1,&quot;pagination&quot;:&quot;none&quot;,&quot;permalink_url&quot;:&quot;https:\\\/\\\/makau.cl\\\/atelier\\\/wp-json\\\/wp\\\/v2\\\/pages\\\/113&quot;,&quot;template_vars&quot;:{&quot;columns&quot;:&quot;3&quot;,&quot;exclude_items&quot;:&quot;none&quot;,&quot;img_size&quot;:&quot;default&quot;,&quot;ignore_items_size&quot;:0,&quot;items_layout&quot;:&quot;gallery_default&quot;,&quot;items_offset&quot;:&quot;1&quot;,&quot;load_animation&quot;:&quot;none&quot;,&quot;overriding_link&quot;:&quot;popup_post_image&quot;,&quot;post_id&quot;:113,&quot;query_args&quot;:{&quot;post_type&quot;:[&quot;attachment&quot;],&quot;post__in&quot;:[&quot;134&quot;,&quot;133&quot;,&quot;135&quot;,&quot;136&quot;,&quot;137&quot;,&quot;138&quot;,&quot;139&quot;,&quot;140&quot;,&quot;141&quot;,&quot;142&quot;,&quot;143&quot;,&quot;144&quot;],&quot;post_status&quot;:&quot;inherit&quot;,&quot;post_mime_type&quot;:&quot;image&quot;,&quot;posts_per_page&quot;:&quot;50&quot;},&quot;orderby_query_args&quot;:{&quot;orderby&quot;:{&quot;date&quot;:&quot;ASC&quot;}},&quot;type&quot;:&quot;masonry&quot;,&quot;us_grid_ajax_index&quot;:1,&quot;us_grid_filter_params&quot;:null,&quot;us_grid_index&quot;:1,&quot;_us_grid_post_type&quot;:&quot;attachment&quot;}}'><\/div>\r\n\t<\/div><\/div><\/div><\/div><\/div><\/section>\n","protected":false},"excerpt":{"rendered":"","protected":false},"author":2,"featured_media":0,"parent":0,"menu_order":0,"comment_status":"closed","ping_status":"closed","template":"","meta":{"footnotes":""},"class_list":["post-113","page","type-page","status-publish","hentry"],"_links":{"self":[{"href":"https:\/\/makau.cl\/atelier\/wp-json\/wp\/v2\/pages\/113","targetHints":{"allow":["GET"]}}],"collection":[{"href":"https:\/\/makau.cl\/atelier\/wp-json\/wp\/v2\/pages"}],"about":[{"href":"https:\/\/makau.cl\/atelier\/wp-json\/wp\/v2\/types\/page"}],"author":[{"embeddable":true,"href":"https:\/\/makau.cl\/atelier\/wp-json\/wp\/v2\/users\/2"}],"replies":[{"embeddable":true,"href":"https:\/\/makau.cl\/atelier\/wp-json\/wp\/v2\/comments?post=113"}],"version-history":[{"count":11,"href":"https:\/\/makau.cl\/atelier\/wp-json\/wp\/v2\/pages\/113\/revisions"}],"predecessor-version":[{"id":326,"href":"https:\/\/makau.cl\/atelier\/wp-json\/wp\/v2\/pages\/113\/revisions\/326"}],"wp:attachment":[{"href":"https:\/\/makau.cl\/atelier\/wp-json\/wp\/v2\/media?parent=113"}],"curies":[{"name":"wp","href":"https:\/\/api.w.org\/{rel}","templated":true}]}}