{"id":10,"date":"2023-06-28T21:43:30","date_gmt":"2023-06-29T00:43:30","guid":{"rendered":"https:\/\/makau.cl\/atelier\/?page_id=10"},"modified":"2023-08-16T18:55:49","modified_gmt":"2023-08-16T21:55:49","slug":"niveles-y-horarios","status":"publish","type":"page","link":"https:\/\/makau.cl\/atelier\/niveles-y-horarios\/","title":{"rendered":"NIVELES Y HORARIOS"},"content":{"rendered":"<section class=\"l-section wpb_row height_medium\"><div class=\"l-section-h i-cf\"><div class=\"g-cols vc_row via_grid cols_1 laptops-cols_inherit tablets-cols_inherit mobiles-cols_1 valign_top type_default stacking_default\"><div class=\"wpb_column vc_column_container\"><div class=\"vc_column-inner\"><div class=\"wpb_text_column\"><div class=\"wpb_wrapper\"><h4 style=\"text-align: center;\"><span style=\"color: #cf3c69;\"><span style=\"color: #c72c5b;\">Niveles y Horarios 2023<\/span><br \/>\n<\/span><\/h4>\n<\/div><\/div><div class=\"w-separator size_medium\"><\/div><div class=\"g-cols wpb_row via_grid cols_2 laptops-cols_inherit tablets-cols_inherit mobiles-cols_1 valign_top type_default stacking_default\"><div class=\"wpb_column vc_column_container\"><div class=\"vc_column-inner\"><div class=\"wpb_text_column\"><div class=\"wpb_wrapper\"><p style=\"text-align: justify;\"><strong>Nivel Cisne:<\/strong><\/p>\n<p style=\"text-align: justify;\"><strong><em>Metodolog\u00eda de Aprendizaje a trav\u00e9s del Juego<\/em><\/strong><\/p>\n<p style=\"text-align: justify;\">4 a 5 a\u00f1os<\/p>\n<p style=\"text-align: justify;\">Martes y jueves de 16:00 a 17:00 hrs.<\/p>\n<p style=\"text-align: justify;\">Clases l\u00fadicas: mediante la imaginaci\u00f3n y los juegos se ense\u00f1an las principales posiciones y movimientos de ballet. Se trabaja la expresividad y desarrollo del o\u00eddo musical. Asimismo, se otorgan los primeros conocimientos sobre la cultura del ballet a trav\u00e9s de cuentos y otros materiales.<\/p>\n<\/div><\/div><div class=\"w-separator size_small\"><\/div><div class=\"w-btn-wrapper align_left\"><a class=\"w-btn us-btn-style_1\" target=\"_blank\" href=\"https:\/\/docs.google.com\/forms\/d\/e\/1FAIpQLSfekrNvxjcgo4wyGs3RQKpl8gzmvyuAjxp_zKjNjDTQ0xawdw\/viewform\" rel=\"noopener\"><span class=\"w-btn-label\">Inscripci\u00f3n<\/span><\/a><\/div><\/div><\/div><div class=\"wpb_column vc_column_container\"><div class=\"vc_column-inner\"><div class=\"w-slider style_none fit_scaledown\"><div class=\"w-slider-h\"><div class=\"royalSlider\"><div class=\"rsContent\"><a class=\"rsImg\" data-rsw=\"1000\" data-rsh=\"799\" href=\"https:\/\/makau.cl\/atelier\/wp-content\/uploads\/2023\/07\/image00015.jpg\"><span data-alt=\"\"><\/span><\/a><\/div><div class=\"rsContent\"><a class=\"rsImg\" data-rsw=\"1000\" data-rsh=\"666\" href=\"https:\/\/makau.cl\/atelier\/wp-content\/uploads\/2023\/07\/image00008.jpg\"><span data-alt=\"\"><\/span><\/a><\/div><div class=\"rsContent\"><a class=\"rsImg\" data-rsw=\"1000\" data-rsh=\"634\" href=\"https:\/\/makau.cl\/atelier\/wp-content\/uploads\/2023\/08\/image00006.jpeg\"><span data-alt=\"\"><\/span><\/a><\/div><div class=\"rsContent\"><a class=\"rsImg\" data-rsw=\"1000\" data-rsh=\"667\" href=\"https:\/\/makau.cl\/atelier\/wp-content\/uploads\/2023\/07\/image00007.jpg\"><span data-alt=\"\"><\/span><\/a><\/div><div class=\"rsContent\"><a class=\"rsImg\" data-rsw=\"1000\" data-rsh=\"579\" href=\"https:\/\/makau.cl\/atelier\/wp-content\/uploads\/2023\/08\/image00024-1.jpeg\"><span data-alt=\"\"><\/span><\/a><\/div><div class=\"rsContent\"><a class=\"rsImg\" data-rsw=\"667\" data-rsh=\"1000\" href=\"https:\/\/makau.cl\/atelier\/wp-content\/uploads\/2023\/08\/image00016.jpeg\"><span data-alt=\"\"><\/span><\/a><\/div><\/div><img decoding=\"async\" src=\"https:\/\/makau.cl\/atelier\/wp-content\/uploads\/2023\/07\/image00015.jpg\" width=\"1000\" height=\"799\" alt loading=\"lazy\"><\/div><div class=\"w-slider-json\" onclick='return {&quot;autoScaleSlider&quot;:true,&quot;loop&quot;:true,&quot;fadeInLoadedSlide&quot;:false,&quot;slidesSpacing&quot;:0,&quot;imageScalePadding&quot;:0,&quot;numImagesToPreload&quot;:2,&quot;arrowsNav&quot;:true,&quot;arrowsNavAutoHide&quot;:false,&quot;transitionType&quot;:&quot;move&quot;,&quot;transitionSpeed&quot;:250,&quot;block&quot;:{&quot;moveEffect&quot;:&quot;none&quot;,&quot;speed&quot;:300},&quot;thumbs&quot;:{&quot;fitInViewport&quot;:false},&quot;controlNavigation&quot;:&quot;none&quot;,&quot;imageScaleMode&quot;:&quot;fit-if-smaller&quot;,&quot;autoScaleSliderWidth&quot;:1000,&quot;autoScaleSliderHeight&quot;:799}'><\/div><\/div><\/div><\/div><\/div><div class=\"w-separator size_small with_line width_default thick_2 style_solid color_primary align_center\"><div class=\"w-separator-h\"><\/div><\/div><div class=\"g-cols wpb_row via_grid cols_2 laptops-cols_inherit tablets-cols_inherit mobiles-cols_1 valign_top type_default stacking_default\"><div class=\"wpb_column vc_column_container\"><div class=\"vc_column-inner\"><div class=\"wpb_text_column\"><div class=\"wpb_wrapper\"><p style=\"text-align: justify;\"><strong>Nivel Coppelia<\/strong><\/p>\n<p style=\"text-align: justify;\"><strong><em>Metodolog\u00eda de Aprendizaje a trav\u00e9s del Juego<\/em><\/strong><\/p>\n<p style=\"text-align: justify;\">6 a 8 a\u00f1os<\/p>\n<p style=\"text-align: justify;\">Martes y jueves de 17:00 a 18:00 hrs.<\/p>\n<p style=\"text-align: justify;\">Clases l\u00fadicas con mayor contenido de ballet.\u00a0 Se introduce la barra como un complemento para aprender postura, coordinaci\u00f3n de los pasos y movimientos de ballet.\u00a0 Se trabaja la expresividad y desarrollo del o\u00eddo musical.<\/p>\n<p style=\"text-align: justify;\">Asimismo, se otorgan conocimientos sobre la cultura del ballet a trav\u00e9s de cuentos y otros materiales.<\/p>\n<\/div><\/div><div class=\"w-separator size_small\"><\/div><div class=\"w-btn-wrapper align_left\"><a class=\"w-btn us-btn-style_1\" target=\"_blank\" href=\"https:\/\/docs.google.com\/forms\/d\/e\/1FAIpQLSfekrNvxjcgo4wyGs3RQKpl8gzmvyuAjxp_zKjNjDTQ0xawdw\/viewform\" rel=\"noopener\"><span class=\"w-btn-label\">Inscripci\u00f3n<\/span><\/a><\/div><\/div><\/div><div class=\"wpb_column vc_column_container\"><div class=\"vc_column-inner\"><div class=\"w-slider style_none fit_scaledown\"><div class=\"w-slider-h\"><div class=\"royalSlider\"><div class=\"rsContent\"><a class=\"rsImg\" data-rsw=\"1000\" data-rsh=\"667\" href=\"https:\/\/makau.cl\/atelier\/wp-content\/uploads\/2023\/07\/image00018.jpg\"><span data-alt=\"\"><\/span><\/a><\/div><div class=\"rsContent\"><a class=\"rsImg\" data-rsw=\"1000\" data-rsh=\"779\" href=\"https:\/\/makau.cl\/atelier\/wp-content\/uploads\/2023\/07\/image00019.jpg\"><span data-alt=\"\"><\/span><\/a><\/div><div class=\"rsContent\"><a class=\"rsImg\" data-rsw=\"1000\" data-rsh=\"624\" href=\"https:\/\/makau.cl\/atelier\/wp-content\/uploads\/2023\/07\/image00024-1.jpg\"><span data-alt=\"\"><\/span><\/a><\/div><div class=\"rsContent\"><a class=\"rsImg\" data-rsw=\"796\" data-rsh=\"1000\" href=\"https:\/\/makau.cl\/atelier\/wp-content\/uploads\/2023\/07\/image00028.jpg\"><span data-alt=\"\"><\/span><\/a><\/div><div class=\"rsContent\"><a class=\"rsImg\" data-rsw=\"1000\" data-rsh=\"719\" href=\"https:\/\/makau.cl\/atelier\/wp-content\/uploads\/2023\/07\/image00033.jpg\"><span data-alt=\"\"><\/span><\/a><\/div><\/div><img decoding=\"async\" src=\"https:\/\/makau.cl\/atelier\/wp-content\/uploads\/2023\/07\/image00018.jpg\" width=\"1000\" height=\"667\" alt loading=\"lazy\"><\/div><div class=\"w-slider-json\" onclick='return {&quot;autoScaleSlider&quot;:true,&quot;loop&quot;:true,&quot;fadeInLoadedSlide&quot;:false,&quot;slidesSpacing&quot;:0,&quot;imageScalePadding&quot;:0,&quot;numImagesToPreload&quot;:2,&quot;arrowsNav&quot;:true,&quot;arrowsNavAutoHide&quot;:false,&quot;transitionType&quot;:&quot;move&quot;,&quot;transitionSpeed&quot;:250,&quot;block&quot;:{&quot;moveEffect&quot;:&quot;none&quot;,&quot;speed&quot;:300},&quot;thumbs&quot;:{&quot;fitInViewport&quot;:false},&quot;controlNavigation&quot;:&quot;none&quot;,&quot;imageScaleMode&quot;:&quot;fit-if-smaller&quot;,&quot;autoScaleSliderWidth&quot;:1000,&quot;autoScaleSliderHeight&quot;:667}'><\/div><\/div><\/div><\/div><\/div><div class=\"w-separator size_small with_line width_default thick_2 style_solid color_primary align_center\"><div class=\"w-separator-h\"><\/div><\/div><div class=\"g-cols wpb_row via_grid cols_2 laptops-cols_inherit tablets-cols_inherit mobiles-cols_1 valign_top type_default stacking_default\"><div class=\"wpb_column vc_column_container\"><div class=\"vc_column-inner\"><div class=\"wpb_text_column\"><div class=\"wpb_wrapper\"><p style=\"text-align: justify;\"><strong>Nivel Mixto<\/strong><\/p>\n<p style=\"text-align: justify;\"><strong><em>Metodolog\u00eda de Aprendizaje a trav\u00e9s del Juego<\/em><\/strong><\/p>\n<p style=\"text-align: justify;\">A partir de los 4 a\u00f1os<\/p>\n<p style=\"text-align: justify;\">Viernes de 15:00 a 16:00 hrs.<\/p>\n<p style=\"text-align: justify;\">Clases l\u00fadicas, mediante la imaginaci\u00f3n y los juegos se ense\u00f1an las principales posiciones y movimientos del ballet. Se trabaja la expresividad y desarrollo del o\u00eddo musical. Asimismo, se otorgan los primeros conocimientos sobre la cultura del ballet a trav\u00e9s de cuentos y otros materiales.<\/p>\n<\/div><\/div><div class=\"w-separator size_small\"><\/div><div class=\"w-btn-wrapper align_left\"><a class=\"w-btn us-btn-style_1\" target=\"_blank\" href=\"https:\/\/docs.google.com\/forms\/d\/e\/1FAIpQLSfekrNvxjcgo4wyGs3RQKpl8gzmvyuAjxp_zKjNjDTQ0xawdw\/viewform\" rel=\"noopener\"><span class=\"w-btn-label\">Inscripci\u00f3n<\/span><\/a><\/div><\/div><\/div><div class=\"wpb_column vc_column_container\"><div class=\"vc_column-inner\"><div class=\"w-slider style_none fit_scaledown\"><div class=\"w-slider-h\"><div class=\"royalSlider\"><div class=\"rsContent\"><a class=\"rsImg\" data-rsw=\"1000\" data-rsh=\"691\" href=\"https:\/\/makau.cl\/atelier\/wp-content\/uploads\/2023\/07\/image-2023-07-26-at-15.33.48.jpeg\"><span data-alt=\"\"><\/span><\/a><\/div><div class=\"rsContent\"><a class=\"rsImg\" data-rsw=\"750\" data-rsh=\"1000\" href=\"https:\/\/makau.cl\/atelier\/wp-content\/uploads\/2023\/07\/WhatsApp-Image-2023-07-26-at-15.35.31.jpeg\"><span data-alt=\"\"><\/span><\/a><\/div><\/div><img decoding=\"async\" src=\"https:\/\/makau.cl\/atelier\/wp-content\/uploads\/2023\/07\/image-2023-07-26-at-15.33.48.jpeg\" width=\"1000\" height=\"691\" alt loading=\"lazy\"><\/div><div class=\"w-slider-json\" onclick='return {&quot;autoScaleSlider&quot;:true,&quot;loop&quot;:true,&quot;fadeInLoadedSlide&quot;:false,&quot;slidesSpacing&quot;:0,&quot;imageScalePadding&quot;:0,&quot;numImagesToPreload&quot;:2,&quot;arrowsNav&quot;:true,&quot;arrowsNavAutoHide&quot;:false,&quot;transitionType&quot;:&quot;move&quot;,&quot;transitionSpeed&quot;:250,&quot;block&quot;:{&quot;moveEffect&quot;:&quot;none&quot;,&quot;speed&quot;:300},&quot;thumbs&quot;:{&quot;fitInViewport&quot;:false},&quot;controlNavigation&quot;:&quot;none&quot;,&quot;imageScaleMode&quot;:&quot;fit-if-smaller&quot;,&quot;autoScaleSliderWidth&quot;:1000,&quot;autoScaleSliderHeight&quot;:691}'><\/div><\/div><\/div><\/div><\/div><div class=\"w-separator size_small with_line width_default thick_2 style_solid color_primary align_center\"><div class=\"w-separator-h\"><\/div><\/div><div class=\"g-cols wpb_row via_grid cols_2 laptops-cols_inherit tablets-cols_inherit mobiles-cols_1 valign_top type_default stacking_default\"><div class=\"wpb_column vc_column_container\"><div class=\"vc_column-inner\"><div class=\"wpb_text_column\"><div class=\"wpb_wrapper\"><p style=\"text-align: justify;\"><strong>Adultas sin conocimiento, desde los 40 a\u00f1os de edad<\/strong><\/p>\n<p style=\"text-align: justify;\">Metodolog\u00eda No Under 40<\/p>\n<p style=\"text-align: justify;\">Clases desde cero, din\u00e1micas y emocionantes que contribuyen a mejorar postura, flexibilidad, equilibrio y expresividad. \u00a0Se otorgan conocimientos sobre la cultura del ballet y argumentos de los repertorios cl\u00e1sicos.<\/p>\n<\/div><\/div><div class=\"w-separator size_small\"><\/div><div class=\"w-btn-wrapper align_left\"><a class=\"w-btn us-btn-style_2\" target=\"_blank\" href=\"https:\/\/docs.google.com\/forms\/d\/e\/1FAIpQLSc4Cl_WVzB3x6XxzjmfrukjNUJCqyG6g7FRmm1VoOALYhYEew\/viewform\" rel=\"noopener\"><span class=\"w-btn-label\">Inscripci\u00f3n<\/span><\/a><\/div><\/div><\/div><div class=\"wpb_column vc_column_container\"><div class=\"vc_column-inner\"><div class=\"w-slider style_none fit_scaledown\"><div class=\"w-slider-h\"><div class=\"royalSlider\"><div class=\"rsContent\"><a class=\"rsImg\" data-rsw=\"1000\" data-rsh=\"704\" href=\"https:\/\/makau.cl\/atelier\/wp-content\/uploads\/2023\/08\/image00006-1.jpeg\"><span data-alt=\"\"><\/span><\/a><\/div><div class=\"rsContent\"><a class=\"rsImg\" data-rsw=\"918\" data-rsh=\"1024\" href=\"https:\/\/makau.cl\/atelier\/wp-content\/uploads\/2023\/08\/20230628_092619-918x1024.jpg\"><span data-alt=\"\"><\/span><\/a><\/div><div class=\"rsContent\"><a class=\"rsImg\" data-rsw=\"1000\" data-rsh=\"559\" href=\"https:\/\/makau.cl\/atelier\/wp-content\/uploads\/2023\/08\/image00008-1-1.jpeg\"><span data-alt=\"\"><\/span><\/a><\/div><div class=\"rsContent\"><a class=\"rsImg\" data-rsw=\"1000\" data-rsh=\"591\" href=\"https:\/\/makau.cl\/atelier\/wp-content\/uploads\/2023\/07\/image00012.jpg\"><span data-alt=\"\"><\/span><\/a><\/div><div class=\"rsContent\"><a class=\"rsImg\" data-rsw=\"853\" data-rsh=\"1000\" href=\"https:\/\/makau.cl\/atelier\/wp-content\/uploads\/2023\/07\/image00021.jpg\"><span data-alt=\"\"><\/span><\/a><\/div><\/div><img decoding=\"async\" src=\"https:\/\/makau.cl\/atelier\/wp-content\/uploads\/2023\/08\/image00006-1.jpeg\" width=\"1000\" height=\"704\" alt loading=\"lazy\"><\/div><div class=\"w-slider-json\" onclick='return {&quot;autoScaleSlider&quot;:true,&quot;loop&quot;:true,&quot;fadeInLoadedSlide&quot;:false,&quot;slidesSpacing&quot;:0,&quot;imageScalePadding&quot;:0,&quot;numImagesToPreload&quot;:2,&quot;arrowsNav&quot;:true,&quot;arrowsNavAutoHide&quot;:false,&quot;transitionType&quot;:&quot;move&quot;,&quot;transitionSpeed&quot;:250,&quot;block&quot;:{&quot;moveEffect&quot;:&quot;none&quot;,&quot;speed&quot;:300},&quot;thumbs&quot;:{&quot;fitInViewport&quot;:false},&quot;controlNavigation&quot;:&quot;none&quot;,&quot;imageScaleMode&quot;:&quot;fit-if-smaller&quot;,&quot;autoScaleSliderWidth&quot;:1000,&quot;autoScaleSliderHeight&quot;:704}'><\/div><\/div><\/div><\/div><\/div><div class=\"w-separator size_small with_line width_default thick_2 style_solid color_primary align_center\"><div class=\"w-separator-h\"><\/div><\/div><div class=\"g-cols wpb_row via_grid cols_1-4-1 laptops-cols_inherit tablets-cols_inherit mobiles-cols_1 valign_top type_default stacking_default\"><div class=\"wpb_column vc_column_container\"><div class=\"vc_column-inner\"><\/div><\/div><div class=\"wpb_column vc_column_container\"><div class=\"vc_column-inner\"><div class=\"w-image align_center\"><div class=\"w-image-h\"><img loading=\"lazy\" decoding=\"async\" width=\"2560\" height=\"1355\" src=\"https:\/\/makau.cl\/atelier\/wp-content\/uploads\/2023\/07\/Horario-2023-final-scaled.jpg\" class=\"attachment-full size-full\" alt=\"\" srcset=\"https:\/\/makau.cl\/atelier\/wp-content\/uploads\/2023\/07\/Horario-2023-final-scaled.jpg 2560w, https:\/\/makau.cl\/atelier\/wp-content\/uploads\/2023\/07\/Horario-2023-final-300x159.jpg 300w, https:\/\/makau.cl\/atelier\/wp-content\/uploads\/2023\/07\/Horario-2023-final-1024x542.jpg 1024w\" sizes=\"auto, (max-width: 2560px) 100vw, 2560px\" \/><\/div><\/div><\/div><\/div><div class=\"wpb_column vc_column_container\"><div class=\"vc_column-inner\"><\/div><\/div><\/div><\/div><\/div><\/div><\/div><\/section>\n","protected":false},"excerpt":{"rendered":"Niveles y Horarios 2023 Nivel Cisne: Metodolog\u00eda de Aprendizaje a trav\u00e9s del Juego 4 a 5 a\u00f1os Martes y jueves de 16:00 a 17:00 hrs. Clases l\u00fadicas: mediante la imaginaci\u00f3n y los juegos se ense\u00f1an las principales posiciones y movimientos de ballet. Se trabaja la expresividad y desarrollo del o\u00eddo musical. Asimismo, se otorgan los...","protected":false},"author":1,"featured_media":0,"parent":0,"menu_order":0,"comment_status":"closed","ping_status":"closed","template":"","meta":{"footnotes":""},"class_list":["post-10","page","type-page","status-publish","hentry"],"_links":{"self":[{"href":"https:\/\/makau.cl\/atelier\/wp-json\/wp\/v2\/pages\/10","targetHints":{"allow":["GET"]}}],"collection":[{"href":"https:\/\/makau.cl\/atelier\/wp-json\/wp\/v2\/pages"}],"about":[{"href":"https:\/\/makau.cl\/atelier\/wp-json\/wp\/v2\/types\/page"}],"author":[{"embeddable":true,"href":"https:\/\/makau.cl\/atelier\/wp-json\/wp\/v2\/users\/1"}],"replies":[{"embeddable":true,"href":"https:\/\/makau.cl\/atelier\/wp-json\/wp\/v2\/comments?post=10"}],"version-history":[{"count":19,"href":"https:\/\/makau.cl\/atelier\/wp-json\/wp\/v2\/pages\/10\/revisions"}],"predecessor-version":[{"id":330,"href":"https:\/\/makau.cl\/atelier\/wp-json\/wp\/v2\/pages\/10\/revisions\/330"}],"wp:attachment":[{"href":"https:\/\/makau.cl\/atelier\/wp-json\/wp\/v2\/media?parent=10"}],"curies":[{"name":"wp","href":"https:\/\/api.w.org\/{rel}","templated":true}]}}